{"id":114,"date":"2025-11-17T07:35:47","date_gmt":"2025-11-17T07:35:47","guid":{"rendered":"https:\/\/straw-balers.com\/?page_id=114"},"modified":"2025-11-26T03:42:56","modified_gmt":"2025-11-26T03:42:56","slug":"sobre-nosotros","status":"publish","type":"page","link":"https:\/\/straw-balers.com\/es\/sobre-nosotros\/","title":{"rendered":"Sobre nosotros"},"content":{"rendered":"<p>[et_pb_section fb_built=”1″ custom_padding_last_edited=”off|desktop” admin_label=”Header” _builder_version=”4.20.4″ _module_preset=”default” background_color=”#000000″ background_color_gradient_direction=”60deg” background_color_gradient_start=”#efe8ff” background_color_gradient_end=”#bac7ff” background_enable_image=”off” background_size=”contain” background_position=”bottom_left” custom_padding=”8vw||||false|false” custom_padding_tablet=”80px||||false|false” custom_padding_phone=”60px||||false|false” background_last_edited=”off|desktop” use_background_color_gradient_tablet=”on” background_color_gradient_stops_tablet=”rgba(255,255,255,0.5) 0%|rgba(255,255,255,0.5) 100%” background_color_gradient_start_tablet=”rgba(255,255,255,0.5)” background_color_gradient_end_tablet=”rgba(255,255,255,0.5)” global_colors_info=”{}”][et_pb_row _builder_version=”4.16″ _module_preset=”default” locked=”off” global_colors_info=”{}”][et_pb_column type=”4_4″ _builder_version=”4.16″ _module_preset=”default” z_index=”10″ global_colors_info=”{}”][et_pb_text _builder_version=”4.20.4″ _module_preset=”c2849e14-f298-4e85-93bb-b7eb6ec6b099″ header_font=”Montserrat|700|||||||” header_text_color=”#FFFFFF” header_font_size=”80px” header_line_height=”1.35em” header_font_size_tablet=”40px” header_font_size_phone=”28px” header_font_size_last_edited=”on|phone” global_colors_info=”{}”]<\/p>\n<h1>Sobre nosotros<\/h1>\n<p>[\/et_pb_text][et_pb_text _builder_version=”4.20.4″ _module_preset=”3a5fa9a7-7987-4564-89a5-37b87a5b6ad8″ text_font=”|700|||||||” text_text_color=”#FFFFFF” text_font_size=”30px” header_font=”||||||||” header_3_font=”Montserrat|700|||||||” header_3_text_color=”#000000″ header_3_font_size=”30px” header_3_line_height=”1.4em” header_3_font_size_tablet=”20px” header_3_font_size_phone=”16px” header_3_font_size_last_edited=”on|phone” global_colors_info=”{}”]<\/p>\n<p>Un equipo profesional dedicado a las empacadoras de paja agr\u00edcolas.<\/p>\n<p>[\/et_pb_text][\/et_pb_column][\/et_pb_row][\/et_pb_section][et_pb_section fb_built=”1″ admin_label=”Call to Action” _builder_version=”4.16″ _module_preset=”default” custom_padding=”0px||||false|false” global_colors_info=”{}”][et_pb_row column_structure=”2_5,3_5″ _builder_version=”4.16″ _module_preset=”default” background_color=”#000000″ custom_padding=”0px||0px||false|false” global_colors_info=”{}”][et_pb_column type=”2_5″ _builder_version=”4.16″ _module_preset=”default” custom_padding=”80px||40px|60px|false|false” custom_padding_tablet=”40px|40px|40px|40px|true|true” custom_padding_phone=”20px|20px|20px|20px|true|true” custom_padding_last_edited=”on|desktop” global_colors_info=”{}”][et_pb_text _builder_version=”4.20.4″ _module_preset=”1d866de3-b108-4c5f-bed3-2da9506a6915″ header_font=”||||||||” header_4_font=”Montserrat|700|||||||” header_4_text_color=”#FFFFFF” header_4_font_size=”22px” header_4_line_height=”1.5em” custom_margin=”||10px||false|false” header_4_font_size_tablet=”20px” header_4_font_size_phone=”13px” header_4_font_size_last_edited=”on|phone” locked=”off” global_colors_info=”{}”]<\/p>\n<h4>Centrado en soluciones pr\u00e1cticas para empacadoras de paja<\/h4>\n<p>[\/et_pb_text][et_pb_text _builder_version=”4.20.4″ _module_preset=”16a54059-cc81-4572-9c70-eda6a6c419bf” text_font=”Montserrat|500|||||||” text_text_color=”#FFFFFF” text_font_size=”16px” text_line_height=”1.8em” link_font=”||||on||||” link_text_color=”#000000″ ul_line_height=”2em” text_font_size_tablet=”15px” text_font_size_phone=”13px” text_font_size_last_edited=”on|phone” header_font_size_tablet=”55px” header_font_size_last_edited=”off|desktop” global_colors_info=”{}”]<\/p>\n<p>Somos un fabricante dedicado de empacadoras de paja con a\u00f1os de experiencia pr\u00e1ctica en dise\u00f1o de maquinaria agr\u00edcola y soporte de campo.\u00a0<\/p>\n<p>[\/et_pb_text][\/et_pb_column][et_pb_column type=”3_5″ _builder_version=”4.16″ _module_preset=”default” global_colors_info=”{}”][et_pb_image src=”https:\/\/straw-balers.com\/wp-content\/uploads\/2025\/11\/straw-baler-use.webp” alt=”straw baler use” title_text=”straw baler use” _builder_version=”4.20.4″ _module_preset=”default” global_colors_info=”{}”][\/et_pb_image][\/et_pb_column][\/et_pb_row][\/et_pb_section][et_pb_section fb_built=”1″ admin_label=”Features” _builder_version=”4.16″ _module_preset=”default” locked=”off” global_colors_info=”{}”][et_pb_row _builder_version=”4.20.4″ _module_preset=”default” background_color=”#242424″ background_enable_mask_style=”on” background_mask_style=”corner-paint” background_mask_transform=”flip_horizontal|invert” width=”100%” max_width=”100%” global_colors_info=”{}”][et_pb_column type=”4_4″ _builder_version=”4.20.4″ _module_preset=”default” global_colors_info=”{}”][et_pb_text _builder_version=”4.20.4″ _module_preset=”default” header_2_font=”|800|||||||” header_2_text_align=”right” header_2_text_color=”#FFFFFF” header_2_font_size=”60px” height=”200px” custom_margin=”|20px|||false|false” custom_padding=”80px||80px||true|false” global_colors_info=”{}”]<\/p>\n<h2>NUESTRA HISTORIA<\/h2>\n<p>[\/et_pb_text][\/et_pb_column][\/et_pb_row][et_pb_row column_structure=”1_3,1_3,1_3″ _builder_version=”4.16″ _module_preset=”default” border_width_bottom=”4px” global_colors_info=”{}”][et_pb_column type=”1_3″ _builder_version=”4.16″ _module_preset=”default” global_colors_info=”{}”][et_pb_text _builder_version=”4.20.4″ _module_preset=”default” header_2_font=”|800|||||||” global_colors_info=”{}”]<\/p>\n<h2>A partir de 2021<\/h2>\n<p>[\/et_pb_text][et_pb_text _builder_version=”4.20.4″ _module_preset=”default” global_colors_info=”{}”]<\/p>\n<p>El verano de 2021 permanece v\u00edvido en nuestros recuerdos: m\u00e1s de 30 miembros del equipo trabajando incansablemente en un sencillo taller, con la frente empapada de sudor. Desde la ansiedad de la depuraci\u00f3n constante de nuestro primer lote de productos en medio de cuellos de botella t\u00e9cnicos, hasta las l\u00e1grimas de alegr\u00eda compartidas por todo el equipo cuando se export\u00f3 nuestro primer equipo; desde ser considerados un \"taller peque\u00f1o\" hasta recibir elogios de clientes internacionales por \"revolver la tierra m\u00e1s dura\", esta trayectoria est\u00e1 marcada por nuestra obsesi\u00f3n por la innovaci\u00f3n tecnol\u00f3gica.<\/p>\n<p>[\/et_pb_text][\/et_pb_column][et_pb_column type=”1_3″ _builder_version=”4.16″ _module_preset=”default” global_colors_info=”{}”][et_pb_text _builder_version=”4.20.4″ _module_preset=”default” header_2_font=”|800|||||||” global_colors_info=”{}”]<\/p>\n<h2>Ahora<\/h2>\n<p>[\/et_pb_text][et_pb_text _builder_version=”4.27.4″ _module_preset=”default” hover_enabled=”0″ global_colors_info=”{}” sticky_enabled=”0″]<\/p>\n<p>En los \u00faltimos cinco a\u00f1os, hemos pasado de ser una empresa emergente en el sector a ser una empresa pionera transfronteriza, rebosante de vitalidad e impulso. Lo que comenz\u00f3 como un modesto taller de 2000 metros cuadrados cuando nos fundamos en 2021 se ha transformado ahora en una moderna l\u00ednea de producci\u00f3n inteligente de 32\u00a0000 metros cuadrados. Nuestra producci\u00f3n anual ha aumentado de 100 a 2000 unidades, y nuestra red de ventas se ha expandido m\u00e1s all\u00e1 de nuestras fronteras nacionales para abarcar los vastos mercados de Mongolia, Rusia y Bielorrusia. Detr\u00e1s de cada uno de estos hitos se encuentra la perseverancia inquebrantable de nuestro equipo y el inestimable apoyo de nuestros socios, quienes nos han acompa\u00f1ado en las buenas y en las malas.<\/p>\n<p>[\/et_pb_text][\/et_pb_column][et_pb_column type=”1_3″ _builder_version=”4.16″ _module_preset=”default” global_colors_info=”{}”][et_pb_text _builder_version=”4.20.4″ _module_preset=”default” header_2_font=”|800|||||||” global_colors_info=”{}”]<\/p>\n<h2>Futuro<\/h2>\n<p>[\/et_pb_text][et_pb_text _builder_version=”4.20.4″ _module_preset=”default” global_colors_info=”{}”]<\/p>\n<p>Nos adherimos siempre al principio de servicio de \"comenzar por las necesidades del cliente y terminar por su satisfacci\u00f3n\". Con la producci\u00f3n eficiente como eje central, impulsamos continuamente la modernizaci\u00f3n inteligente de la maquinaria agropecuaria. Nos comprometemos a convertirnos en una empresa l\u00edder en la industria de equipos agropecuarios de China, ofreciendo soluciones rentables a clientes de todo el mundo.<\/p>\n<p>[\/et_pb_text][\/et_pb_column][\/et_pb_row][\/et_pb_section][et_pb_section fb_built=”1″ admin_label=”About” _builder_version=”4.16″ _module_preset=”default” locked=”off” global_colors_info=”{}”][et_pb_row column_structure=”2_5,3_5″ _builder_version=”4.16″ _module_preset=”default” custom_padding=”||40px||false|false” border_color_all=”#000000″ border_width_bottom=”4px” global_colors_info=”{}”][et_pb_column type=”2_5″ _builder_version=”4.16″ _module_preset=”default” global_colors_info=”{}”][et_pb_text _builder_version=”4.20.4″ _module_preset=”3a5fa9a7-7987-4564-89a5-37b87a5b6ad8″ header_font=”||||||||” header_2_font=”|800|||||||” header_2_text_color=”#000000″ header_2_font_size=”50px” header_3_text_color=”#000000″ header_3_font_size=”30px” header_3_line_height=”1.4em” custom_margin=”||20px||false|false” header_3_font_size_tablet=”20px” header_3_font_size_phone=”16px” header_3_font_size_last_edited=”on|phone” locked=”off” global_colors_info=”{}”]<\/p>\n<h2>Nuestro equipo<\/h2>\n<p>[\/et_pb_text][et_pb_image src=”https:\/\/straw-balers.com\/wp-content\/uploads\/2025\/11\/about-us1.webp” alt=”about us1″ title_text=”about us1″ _builder_version=”4.20.4″ _module_preset=”default” global_colors_info=”{}”][\/et_pb_image][et_pb_text _builder_version=”4.20.4″ _module_preset=”16a54059-cc81-4572-9c70-eda6a6c419bf” text_font=”Montserrat|500|||||||” text_text_color=”#000000″ text_font_size=”16px” text_line_height=”1.8em” link_font=”||||on||||” link_text_color=”#000000″ ul_line_height=”2em” text_font_size_tablet=”15px” text_font_size_phone=”13px” text_font_size_last_edited=”on|phone” header_font_size_tablet=”55px” header_font_size_last_edited=”off|desktop” locked=”off” global_colors_info=”{}”]<\/p>\n<p>Nuestro equipo incluye ingenieros, agricultores y t\u00e9cnicos de servicio que entienden los desaf\u00edos diarios de la gesti\u00f3n de residuos poscosecha, no a partir de folletos, sino trabajando junto a los productores.<\/p>\n<p>[\/et_pb_text][\/et_pb_column][et_pb_column type=”3_5″ _builder_version=”4.16″ _module_preset=”default” global_colors_info=”{}”][et_pb_image src=”https:\/\/straw-balers.com\/wp-content\/uploads\/2025\/11\/about-us.webp” alt=”about us” title_text=”about us” _builder_version=”4.20.4″ _module_preset=”default” locked=”off” global_colors_info=”{}”][\/et_pb_image][et_pb_text _builder_version=”4.20.4″ _module_preset=”16a54059-cc81-4572-9c70-eda6a6c419bf” text_font=”Montserrat|500|||||||” text_text_color=”#000000″ text_font_size=”16px” text_line_height=”1.8em” link_font=”||||on||||” link_text_color=”#000000″ ul_line_height=”2em” text_font_size_tablet=”15px” text_font_size_phone=”13px” text_font_size_last_edited=”on|phone” header_font_size_tablet=”55px” header_font_size_last_edited=”off|desktop” locked=”off” global_colors_info=”{}”]<\/p>\n<p>Creamos esta empresa porque detectamos una necesidad constante: una empacadora de paja fiable y sencilla para maquinaria agr\u00edcola que funcionara temporada tras temporada sin complejidades innecesarias. Demasiadas explotaciones agr\u00edcolas se ve\u00edan obligadas a elegir entre m\u00e1quinas demasiado caras o modelos deficientes que fallaban durante las temporadas pico de empacado. Nos propusimos ofrecer una tercera opci\u00f3n: m\u00e1quinas que equilibran durabilidad, facilidad de uso y un precio razonable.<\/p>\n<p>[\/et_pb_text][\/et_pb_column][\/et_pb_row][\/et_pb_section][et_pb_section fb_built=”1″ admin_label=”Footer” _builder_version=”4.16″ _module_preset=”default” saved_tabs=”all” locked=”off” global_colors_info=”{}”][et_pb_row column_structure=”1_2,1_2″ _builder_version=”4.16″ _module_preset=”default” background_color=”gcid-d116008b-ce49-46ea-9433-049c9562a0bc” custom_margin=”||30px||false|false” custom_padding=”60px||0px||false|false” global_colors_info=”{%22gcid-d116008b-ce49-46ea-9433-049c9562a0bc%22:%91%22background_color%22%93}”][et_pb_column type=”1_2″ _builder_version=”4.16″ _module_preset=”default” global_colors_info=”{}”][et_pb_image src=”https:\/\/straw-balers.com\/wp-content\/uploads\/2025\/11\/about-us-9YG-1.webp” alt=”about us-9YG-1.0C” title_text=”about us-9YG-1.0C” _builder_version=”4.20.4″ _module_preset=”default” global_colors_info=”{}”][\/et_pb_image][\/et_pb_column][et_pb_column type=”1_2″ _builder_version=”4.16″ _module_preset=”default” custom_padding=”|70px|70px||false|false” custom_padding_tablet=”|30px|30px|30px|false|true” custom_padding_phone=”0px|20px||20px|false|true” custom_padding_last_edited=”on|tablet” global_colors_info=”{}”][et_pb_text _builder_version=”4.20.4″ _module_preset=”4deaa1a6-d0cd-49d0-ada3-8dc22addd086″ header_4_font=”Montserrat|700|||||||” header_4_font_size=”16px” header_4_line_height=”1.5em” custom_margin=”||0px||false|false” header_4_font_size_tablet=”” header_4_font_size_phone=”12px” header_4_font_size_last_edited=”on|phone” locked=”off” global_colors_info=”{}”]<\/p>\n<h4>Cada empacadora de paja que producimos se somete a pruebas en el mundo real.<\/h4>\n<p>[\/et_pb_text][et_pb_text _builder_version=\u201d4.20.4\u2033 _module_preset=\u201d32021f09-dd67-47fb-8f9a-832b72a38baf\u201d header_2_font=\u201dMontserrat|700|||||||\u201d header_2_text_color=\u201d#000000\u2033 header_2_font_size=\u201d50px\u201d header_2_line_height=\u201d1.2em\u201d custom_margin=\u201d||0px||false|false\u201d header_2_font_size_tablet=\u201d32px\u201d header_2_font_size_phone=\u201d18px\u201d header_2_font_size_last_edited=\u201don|tablet\u201d locking=\u201doff\u201d global_colors_info=\u201d{}\u201d]<\/p>\n<h2>sobre campos de trigo, arroz y algod\u00f3n\u2014<\/h2>\n<p>[\/et_pb_text][et_pb_text _builder_version=\u201d4.20.4\u2033 _module_preset=\u201daec0be99-8a53-4f75-abf2-64f29a8b4cc2\u2033 text_font=\u201dMontserrat||||||||\u201d text_text_color=\u201d#000000\u2033 text_font_size=\u201d20px\u201d text_font_size_tablet=\u201d16px\u201d text_font_size_phone=\u201d13px\u201d text_font_size_last_edited=\u201don|tablet\u201d global_colors_info=\u201d{}\u201d]<\/p>\n<p>Porque el rendimiento simplemente no se puede simular.<\/p>\n<p>[\/et_pb_text][et_pb_button button_url=”https:\/\/straw-balers.com\/contact-us” button_text=”Contact us” _builder_version=”4.20.4″ _module_preset=”a93bd5f4-85ca-4af8-aab9-5954042d5969″ custom_button=”on” button_text_size=”16px” button_text_color=”#FFFFFF” button_bg_color=”#000000″ button_border_width=”0px” button_border_radius=”0px” button_letter_spacing=”2px” button_font=”Montserrat|600||on|||||” custom_padding=”15px|30px|15px|30px|true|true” custom_padding_tablet=”13px|25px|13px|25px|true|true” custom_padding_phone=”10px|20px|10px|20px|true|true” custom_padding_last_edited=”on|phone” button_text_size_tablet=”15px” button_text_size_phone=”14px” button_text_size_last_edited=”on|phone” locked=”off” global_colors_info=”{}” button_bg_color__hover_enabled=”on|hover” button_bg_color__hover=”#383838″ button_bg_enable_color__hover=”on”][\/et_pb_button][\/et_pb_column][\/et_pb_row][et_pb_row _builder_version=”4.20.4″ _module_preset=”default” global_colors_info=”{}”][et_pb_column type=”4_4″ _builder_version=”4.20.4″ _module_preset=”default” global_colors_info=”{}”][et_pb_text _builder_version=”4.20.4″ _module_preset=”default” header_2_font=”|800|||||||” header_2_text_align=”center” header_2_font_size=”50px” global_colors_info=”{}”]<\/p>\n<h2 data-spm-anchor-id=\"5176.28103460.0.i171.bc984fa5rlZb1k\">Certificaciones y patentes<\/h2>\n<p>[\/et_pb_text][\/et_pb_column][\/et_pb_row][et_pb_row column_structure=”1_2,1_2″ _builder_version=”4.20.4″ _module_preset=”default” width=”100%” max_width=”100%” global_colors_info=”{}”][et_pb_column type=”1_2″ _builder_version=”4.20.4″ _module_preset=”default” global_colors_info=”{}”][et_pb_image src=”https:\/\/straw-balers.com\/wp-content\/uploads\/2025\/11\/certificates.webp” alt=”certificates” title_text=”certificates” _builder_version=”4.20.4″ _module_preset=”default” global_colors_info=”{}”][\/et_pb_image][\/et_pb_column][et_pb_column type=”1_2″ _builder_version=”4.20.4″ _module_preset=”default” global_colors_info=”{}”][et_pb_text _builder_version=”4.20.4″ _module_preset=”default” header_3_font=”|800|||||||” header_3_text_align=”left” header_3_font_size=”26px” width=”80%” module_alignment=”center” global_colors_info=”{}”]<\/p>\n<h3>Todos los productos cumplen con los est\u00e1ndares internacionales de seguridad y calidad:<\/h3>\n<p>[\/et_pb_text][et_pb_blurb use_icon=”on” font_icon=”&#x52;||divi||400″ icon_placement=”left” _builder_version=”4.20.4″ _module_preset=”default” global_colors_info=”{}”]<\/p>\n<article class=\"4ever-article\"><span data-type=\"text\">Calidad ISO9001 <\/span><span data-type=\"text\">Certificaci\u00f3n de sistemas de gesti\u00f3n<\/span><\/article>\n<p>[\/et_pb_blurb][et_pb_blurb use_icon=”on” font_icon=”&#x52;||divi||400″ icon_placement=”left” _builder_version=”4.20.4″ _module_preset=”default” locked=”off” global_colors_info=”{}”]<\/p>\n<article class=\"4ever-article\">\n<article class=\"4ever-article\">\n<article class=\"4ever-article\"><span data-type=\"text\">Certificaci\u00f3n de Grado A para la Integraci\u00f3n de la Informatizaci\u00f3n y la Industrializaci\u00f3n<\/span><\/article>\n<\/article>\n<\/article>\n<p>[\/et_pb_blurb][et_pb_blurb use_icon=”on” font_icon=”&#x52;||divi||400″ icon_placement=”left” _builder_version=”4.20.4″ _module_preset=”default” locked=”off” global_colors_info=”{}”]<\/p>\n<article class=\"4ever-article\">\n<article class=\"4ever-article\"><span data-type=\"text\">Fabricante verificado por SGS<\/span><\/article>\n<\/article>\n<p>[\/et_pb_blurb][\/et_pb_column][\/et_pb_row][et_pb_row column_structure=”1_6,1_6,1_6,1_6,1_6,1_6″ _builder_version=”4.20.4″ _module_preset=”default” width=”100%” max_width=”100%” global_colors_info=”{}”][et_pb_column type=”1_6″ _builder_version=”4.20.4″ _module_preset=”default” global_colors_info=”{}”][et_pb_text _builder_version=”4.20.4″ _module_preset=”default” text_font=”|800|||||||” text_text_color=”#000000″ text_font_size=”25px” text_orientation=”center” global_colors_info=”{}”]<\/p>\n<p>2021<\/p>\n<p>[\/et_pb_text][et_pb_divider color=”#000000″ divider_weight=”5px” _builder_version=”4.20.4″ _module_preset=”default” width=”100%” global_colors_info=”{}”][\/et_pb_divider][et_pb_text _builder_version=”4.20.4″ _module_preset=”default” global_colors_info=”{}”]<\/p>\n<ul>\n<li>En julio, el primer lote de productos, que incluye segadoras, rastrillos y empacadoras, sali\u00f3 oficialmente de la l\u00ednea de producci\u00f3n.<\/li>\n<li>En noviembre, la empresa aprob\u00f3 la <strong>ISO9001<\/strong> Certificaci\u00f3n Internacional del Sistema de Gesti\u00f3n de Calidad.<\/li>\n<\/ul>\n<p>[\/et_pb_text][\/et_pb_column][et_pb_column type=”1_6″ _builder_version=”4.20.4″ _module_preset=”default” global_colors_info=”{}”][et_pb_text _builder_version=”4.20.4″ _module_preset=”default” text_font=”|800|||||||” text_text_color=”#000000″ text_font_size=”25px” text_orientation=”center” locked=”off” global_colors_info=”{}”]<\/p>\n<p>2022<\/p>\n<p>[\/et_pb_text][et_pb_divider color=”#000000″ divider_weight=”5px” _builder_version=”4.20.4″ _module_preset=”default” locked=”off” global_colors_info=”{}”][\/et_pb_divider][et_pb_text _builder_version=”4.20.4″ _module_preset=”default” global_colors_info=”{}”]<\/p>\n<ul>\n<li>En marzo, los productos de la serie 9YG-2.24 Round Baler obtuvieron la Prueba y Evaluaci\u00f3n de Maquinaria Agr\u00edcola.<br \/>Certificado y fueron incluidos en el Cat\u00e1logo Nacional de Subsidios para la Compra de Maquinaria Agr\u00edcola.<\/li>\n<li>En julio, la empresa adquiri\u00f3 el sistema PDM (Gesti\u00f3n de datos de productos) para construir un n\u00facleo para el ciclo de vida completo.<br \/>Gesti\u00f3n de datos de I+D.<\/li>\n<\/ul>\n<p>[\/et_pb_text][\/et_pb_column][et_pb_column type=”1_6″ _builder_version=”4.20.4″ _module_preset=”default” global_colors_info=”{}”][et_pb_text _builder_version=”4.20.4″ _module_preset=”default” text_font=”|800|||||||” text_text_color=”#000000″ text_font_size=”25px” text_orientation=”center” locked=”off” global_colors_info=”{}”]<\/p>\n<p>2023<\/p>\n<p>[\/et_pb_text][et_pb_divider color=”#000000″ divider_weight=”5px” _builder_version=”4.20.4″ _module_preset=”default” locked=”off” global_colors_info=”{}”][\/et_pb_divider][et_pb_text _builder_version=”4.20.4″ _module_preset=”default” global_colors_info=”{}”]<\/p>\n<ul>\n<li>En agosto se puso en marcha la l\u00ednea de producci\u00f3n de maquinaria ganadera moderna con una producci\u00f3n anual de 2.000 unidades.<br \/>Entr\u00f3 en producci\u00f3n y operaci\u00f3n normal. La empresa fue reconocida como \"Empresa Nacional de Alta Tecnolog\u00eda\".<\/li>\n<li>En octubre, la empresa fue identificada como una PYME de base tecnol\u00f3gica en la Regi\u00f3n Aut\u00f3noma de Mongolia Interior.<br \/>La empacadora redonda de la empresa obtuvo el \u201cCertificado de Conformidad de la Uni\u00f3n Econ\u00f3mica Euroasi\u00e1tica\u201d en Rusia.<\/li>\n<\/ul>\n<p>[\/et_pb_text][\/et_pb_column][et_pb_column type=”1_6″ _builder_version=”4.20.4″ _module_preset=”default” global_colors_info=”{}”][et_pb_text _builder_version=”4.20.4″ _module_preset=”default” text_font=”|800|||||||” text_text_color=”#000000″ text_font_size=”25px” text_orientation=”center” locked=”off” global_colors_info=”{}”]<\/p>\n<p>2024<\/p>\n<p>[\/et_pb_text][et_pb_divider color=”#000000″ divider_weight=”5px” _builder_version=”4.20.4″ _module_preset=”default” locked=”off” global_colors_info=”{}”][\/et_pb_divider][et_pb_text _builder_version=”4.20.4″ _module_preset=”default” global_colors_info=”{}”]<\/p>\n<ul>\n<li>En mayo, la empresa export\u00f3 el primer producto a Rusia.<\/li>\n<li>En diciembre, el volumen de ventas de las empacadoras redondas de la empresa ocup\u00f3 el primer lugar en China.<\/li>\n<\/ul>\n<p>[\/et_pb_text][\/et_pb_column][et_pb_column type=”1_6″ _builder_version=”4.20.4″ _module_preset=”default” global_colors_info=”{}”][et_pb_text _builder_version=”4.20.4″ _module_preset=”default” text_font=”|800|||||||” text_text_color=”#000000″ text_font_size=”25px” text_orientation=”center” locked=”off” global_colors_info=”{}”]<\/p>\n<p>2025<\/p>\n<p>[\/et_pb_text][et_pb_divider color=”#000000″ divider_weight=”5px” _builder_version=”4.20.4″ _module_preset=”default” locked=”off” global_colors_info=”{}”][\/et_pb_divider][et_pb_text _builder_version=”4.20.4″ _module_preset=”default” global_colors_info=”{}”]<\/p>\n<ul>\n<li>En octubre, la empresa recibi\u00f3 el t\u00edtulo honor\u00edfico de \u201cPeque\u00f1a y mediana empresa especializada, refinada, \u00fanica e innovadora\u201d en 2025.<\/li>\n<\/ul>\n<p>[\/et_pb_text][\/et_pb_column][et_pb_column type=”1_6″ _builder_version=”4.20.4″ _module_preset=”default” global_colors_info=”{}”][et_pb_text _builder_version=”4.20.4″ _module_preset=”default” text_font=”|800|||||||” text_text_color=”#000000″ text_font_size=”25px” text_orientation=”center” locked=”off” global_colors_info=”{}”]<\/p>\n<p>FUTURO<\/p>\n<p>[\/et_pb_text][et_pb_divider color=”#000000″ divider_weight=”5px” _builder_version=”4.20.4″ _module_preset=”default” locked=”off” global_colors_info=”{}”][\/et_pb_divider][et_pb_text _builder_version=”4.20.4″ _module_preset=”default” text_font=”|800|||||||” global_colors_info=”{}”]<\/p>\n<ul>\n<li>Esperando con ansias nuestra actuaci\u00f3n<\/li>\n<\/ul>\n<p>[\/et_pb_text][\/et_pb_column][\/et_pb_row][\/et_pb_section]<\/p>","protected":false},"excerpt":{"rendered":"<p>About usA professional team engaged in agricultural straw balers.Focused on Practical Straw Baler SolutionsWe are a dedicated straw baler manufacturer with years of hands-on experience in agricultural machinery design and field support.\u00a0OUR HISTORYFrom 2021The summer of 2021 remains vivid in our memories: over 30 team members working relentlessly in a simple workshop, sweat pouring down [&hellip;]<\/p>","protected":false},"author":1,"featured_media":0,"parent":0,"menu_order":0,"comment_status":"closed","ping_status":"closed","template":"","meta":{"_et_pb_use_builder":"on","_et_pb_old_content":"","_et_gb_content_width":"","footnotes":""},"class_list":["post-114","page","type-page","status-publish","hentry"],"_links":{"self":[{"href":"https:\/\/straw-balers.com\/es\/wp-json\/wp\/v2\/pages\/114","targetHints":{"allow":["GET"]}}],"collection":[{"href":"https:\/\/straw-balers.com\/es\/wp-json\/wp\/v2\/pages"}],"about":[{"href":"https:\/\/straw-balers.com\/es\/wp-json\/wp\/v2\/types\/page"}],"author":[{"embeddable":true,"href":"https:\/\/straw-balers.com\/es\/wp-json\/wp\/v2\/users\/1"}],"replies":[{"embeddable":true,"href":"https:\/\/straw-balers.com\/es\/wp-json\/wp\/v2\/comments?post=114"}],"version-history":[{"count":3,"href":"https:\/\/straw-balers.com\/es\/wp-json\/wp\/v2\/pages\/114\/revisions"}],"predecessor-version":[{"id":184,"href":"https:\/\/straw-balers.com\/es\/wp-json\/wp\/v2\/pages\/114\/revisions\/184"}],"wp:attachment":[{"href":"https:\/\/straw-balers.com\/es\/wp-json\/wp\/v2\/media?parent=114"}],"curies":[{"name":"wp","href":"https:\/\/api.w.org\/{rel}","templated":true}]}}