{"id":114,"date":"2025-11-17T07:35:47","date_gmt":"2025-11-17T07:35:47","guid":{"rendered":"https:\/\/straw-balers.com\/?page_id=114"},"modified":"2025-11-26T03:42:56","modified_gmt":"2025-11-26T03:42:56","slug":"a-propos-de-nous","status":"publish","type":"page","link":"https:\/\/straw-balers.com\/fr\/a-propos-de-nous\/","title":{"rendered":"\u00c0 propos de nous"},"content":{"rendered":"<p>[et_pb_section fb_built=”1″ custom_padding_last_edited=”off|desktop” admin_label=”Header” _builder_version=”4.20.4″ _module_preset=”default” background_color=”#000000″ background_color_gradient_direction=”60deg” background_color_gradient_start=”#efe8ff” background_color_gradient_end=”#bac7ff” background_enable_image=”off” background_size=”contain” background_position=”bottom_left” custom_padding=”8vw||||false|false” custom_padding_tablet=”80px||||false|false” custom_padding_phone=”60px||||false|false” background_last_edited=”off|desktop” use_background_color_gradient_tablet=”on” background_color_gradient_stops_tablet=”rgba(255,255,255,0.5) 0%|rgba(255,255,255,0.5) 100%” background_color_gradient_start_tablet=”rgba(255,255,255,0.5)” background_color_gradient_end_tablet=”rgba(255,255,255,0.5)” global_colors_info=”{}”][et_pb_row _builder_version=”4.16″ _module_preset=”default” locked=”off” global_colors_info=”{}”][et_pb_column type=”4_4″ _builder_version=”4.16″ _module_preset=”default” z_index=”10″ global_colors_info=”{}”][et_pb_text _builder_version=”4.20.4″ _module_preset=”c2849e14-f298-4e85-93bb-b7eb6ec6b099″ header_font=”Montserrat|700|||||||” header_text_color=”#FFFFFF” header_font_size=”80px” header_line_height=”1.35em” header_font_size_tablet=”40px” header_font_size_phone=”28px” header_font_size_last_edited=”on|phone” global_colors_info=”{}”]<\/p>\n<h1>\u00c0 propos de nous<\/h1>\n<p>[\/et_pb_text][et_pb_text _builder_version=”4.20.4″ _module_preset=”3a5fa9a7-7987-4564-89a5-37b87a5b6ad8″ text_font=”|700|||||||” text_text_color=”#FFFFFF” text_font_size=”30px” header_font=”||||||||” header_3_font=”Montserrat|700|||||||” header_3_text_color=”#000000″ header_3_font_size=”30px” header_3_line_height=”1.4em” header_3_font_size_tablet=”20px” header_3_font_size_phone=”16px” header_3_font_size_last_edited=”on|phone” global_colors_info=”{}”]<\/p>\n<p>Une \u00e9quipe de professionnels sp\u00e9cialis\u00e9s dans les presses \u00e0 balles de paille agricole.<\/p>\n<p>[\/et_pb_text][\/et_pb_column][\/et_pb_row][\/et_pb_section][et_pb_section fb_built=”1″ admin_label=”Call to Action” _builder_version=”4.16″ _module_preset=”default” custom_padding=”0px||||false|false” global_colors_info=”{}”][et_pb_row column_structure=”2_5,3_5″ _builder_version=”4.16″ _module_preset=”default” background_color=”#000000″ custom_padding=”0px||0px||false|false” global_colors_info=”{}”][et_pb_column type=”2_5″ _builder_version=”4.16″ _module_preset=”default” custom_padding=”80px||40px|60px|false|false” custom_padding_tablet=”40px|40px|40px|40px|true|true” custom_padding_phone=”20px|20px|20px|20px|true|true” custom_padding_last_edited=”on|desktop” global_colors_info=”{}”][et_pb_text _builder_version=”4.20.4″ _module_preset=”1d866de3-b108-4c5f-bed3-2da9506a6915″ header_font=”||||||||” header_4_font=”Montserrat|700|||||||” header_4_text_color=”#FFFFFF” header_4_font_size=”22px” header_4_line_height=”1.5em” custom_margin=”||10px||false|false” header_4_font_size_tablet=”20px” header_4_font_size_phone=”13px” header_4_font_size_last_edited=”on|phone” locked=”off” global_colors_info=”{}”]<\/p>\n<h4>Sp\u00e9cialis\u00e9 dans les solutions pratiques pour presses \u00e0 paille<\/h4>\n<p>[\/et_pb_text][et_pb_text _builder_version=”4.20.4″ _module_preset=”16a54059-cc81-4572-9c70-eda6a6c419bf” text_font=”Montserrat|500|||||||” text_text_color=”#FFFFFF” text_font_size=”16px” text_line_height=”1.8em” link_font=”||||on||||” link_text_color=”#000000″ ul_line_height=”2em” text_font_size_tablet=”15px” text_font_size_phone=”13px” text_font_size_last_edited=”on|phone” header_font_size_tablet=”55px” header_font_size_last_edited=”off|desktop” global_colors_info=”{}”]<\/p>\n<p>Nous sommes un fabricant sp\u00e9cialis\u00e9 de presses \u00e0 paille, fort d'une longue exp\u00e9rience pratique dans la conception de machines agricoles et l'assistance sur le terrain.\u00a0<\/p>\n<p>[\/et_pb_text][\/et_pb_column][et_pb_column type=”3_5″ _builder_version=”4.16″ _module_preset=”default” global_colors_info=”{}”][et_pb_image src=”https:\/\/straw-balers.com\/wp-content\/uploads\/2025\/11\/straw-baler-use.webp” alt=”straw baler use” title_text=”straw baler use” _builder_version=”4.20.4″ _module_preset=”default” global_colors_info=”{}”][\/et_pb_image][\/et_pb_column][\/et_pb_row][\/et_pb_section][et_pb_section fb_built=”1″ admin_label=”Features” _builder_version=”4.16″ _module_preset=”default” locked=”off” global_colors_info=”{}”][et_pb_row _builder_version=”4.20.4″ _module_preset=”default” background_color=”#242424″ background_enable_mask_style=”on” background_mask_style=”corner-paint” background_mask_transform=”flip_horizontal|invert” width=”100%” max_width=”100%” global_colors_info=”{}”][et_pb_column type=”4_4″ _builder_version=”4.20.4″ _module_preset=”default” global_colors_info=”{}”][et_pb_text _builder_version=”4.20.4″ _module_preset=”default” header_2_font=”|800|||||||” header_2_text_align=”right” header_2_text_color=”#FFFFFF” header_2_font_size=”60px” height=”200px” custom_margin=”|20px|||false|false” custom_padding=”80px||80px||true|false” global_colors_info=”{}”]<\/p>\n<h2>NOTRE HISTOIRE<\/h2>\n<p>[\/et_pb_text][\/et_pb_column][\/et_pb_row][et_pb_row column_structure=”1_3,1_3,1_3″ _builder_version=”4.16″ _module_preset=”default” border_width_bottom=”4px” global_colors_info=”{}”][et_pb_column type=”1_3″ _builder_version=”4.16″ _module_preset=”default” global_colors_info=”{}”][et_pb_text _builder_version=”4.20.4″ _module_preset=”default” header_2_font=”|800|||||||” global_colors_info=”{}”]<\/p>\n<h2>\u00c0 partir de 2021<\/h2>\n<p>[\/et_pb_text][et_pb_text _builder_version=”4.20.4″ _module_preset=”default” global_colors_info=”{}”]<\/p>\n<p>L'\u00e9t\u00e9 2021 reste grav\u00e9 dans nos m\u00e9moires\u00a0: plus de 30 membres de l'\u00e9quipe travaillant sans rel\u00e2che dans un atelier modeste, la sueur ruisselant sur leurs fronts. De l'angoisse des corrections incessantes de bugs pour notre premier lot de produits, confront\u00e9s \u00e0 des difficult\u00e9s techniques, aux larmes de joie partag\u00e9es par toute l'\u00e9quipe lors de l'exportation de notre premier \u00e9quipement\u00a0; d'un simple \u00ab\u00a0petit atelier\u00a0\u00bb aux \u00e9loges de clients internationaux pour avoir \u00ab\u00a0d\u00e9moli les terres les plus difficiles\u00a0\u00bb \u2013 ce parcours est marqu\u00e9 par notre obsession de l'innovation technologique.<\/p>\n<p>[\/et_pb_text][\/et_pb_column][et_pb_column type=”1_3″ _builder_version=”4.16″ _module_preset=”default” global_colors_info=”{}”][et_pb_text _builder_version=”4.20.4″ _module_preset=”default” header_2_font=”|800|||||||” global_colors_info=”{}”]<\/p>\n<h2>Maintenant<\/h2>\n<p>[\/et_pb_text][et_pb_text _builder_version=”4.27.4″ _module_preset=”default” hover_enabled=”0″ global_colors_info=”{}” sticky_enabled=”0″]<\/p>\n<p>Au cours des cinq derni\u00e8res ann\u00e9es, nous sommes pass\u00e9s du statut de jeune entreprise \u00e0 celui de pionni\u00e8re \u00e0 l'international, d\u00e9bordant de dynamisme et d'\u00e9nergie. Ce qui n'\u00e9tait au d\u00e9part qu'un modeste atelier de 2\u00a0000 m\u00e8tres carr\u00e9s lors de notre cr\u00e9ation en 2021 s'est transform\u00e9 en une ligne de production moderne et intelligente de 32\u00a0000 m\u00e8tres carr\u00e9s. Notre production annuelle a explos\u00e9, passant de 100 \u00e0 2\u00a0000 unit\u00e9s, et notre r\u00e9seau de distribution s'est \u00e9tendu au-del\u00e0 des fronti\u00e8res nationales pour couvrir les vastes march\u00e9s de Mongolie, de Russie et de Bi\u00e9lorussie. Derri\u00e8re chacun de ces succ\u00e8s se cache la pers\u00e9v\u00e9rance sans faille de notre \u00e9quipe et le soutien inestimable de nos partenaires, qui nous ont accompagn\u00e9s dans les bons comme dans les mauvais moments.<\/p>\n<p>[\/et_pb_text][\/et_pb_column][et_pb_column type=”1_3″ _builder_version=”4.16″ _module_preset=”default” global_colors_info=”{}”][et_pb_text _builder_version=”4.20.4″ _module_preset=”default” header_2_font=”|800|||||||” global_colors_info=”{}”]<\/p>\n<h2>Avenir<\/h2>\n<p>[\/et_pb_text][et_pb_text _builder_version=”4.20.4″ _module_preset=”default” global_colors_info=”{}”]<\/p>\n<p>Nous nous engageons \u00e0 respecter le principe de service \u00ab\u00a0de l\u2019\u00e9coute des besoins du client \u00e0 sa satisfaction\u00a0\u00bb. Notre production all\u00e9g\u00e9e \u00e9tant au c\u0153ur de notre d\u00e9marche, nous \u0153uvrons sans cesse \u00e0 l\u2019am\u00e9lioration intelligente de nos machines agricoles et d\u2019\u00e9levage. Nous avons pour ambition de devenir une entreprise leader du secteur des \u00e9quipements agricoles et d\u2019\u00e9levage en Chine, en proposant des solutions performantes et \u00e9conomiques \u00e0 nos clients du monde entier.<\/p>\n<p>[\/et_pb_text][\/et_pb_column][\/et_pb_row][\/et_pb_section][et_pb_section fb_built=”1″ admin_label=”About” _builder_version=”4.16″ _module_preset=”default” locked=”off” global_colors_info=”{}”][et_pb_row column_structure=”2_5,3_5″ _builder_version=”4.16″ _module_preset=”default” custom_padding=”||40px||false|false” border_color_all=”#000000″ border_width_bottom=”4px” global_colors_info=”{}”][et_pb_column type=”2_5″ _builder_version=”4.16″ _module_preset=”default” global_colors_info=”{}”][et_pb_text _builder_version=”4.20.4″ _module_preset=”3a5fa9a7-7987-4564-89a5-37b87a5b6ad8″ header_font=”||||||||” header_2_font=”|800|||||||” header_2_text_color=”#000000″ header_2_font_size=”50px” header_3_text_color=”#000000″ header_3_font_size=”30px” header_3_line_height=”1.4em” custom_margin=”||20px||false|false” header_3_font_size_tablet=”20px” header_3_font_size_phone=”16px” header_3_font_size_last_edited=”on|phone” locked=”off” global_colors_info=”{}”]<\/p>\n<h2>Notre \u00e9quipe<\/h2>\n<p>[\/et_pb_text][et_pb_image src=”https:\/\/straw-balers.com\/wp-content\/uploads\/2025\/11\/about-us1.webp” alt=”about us1″ title_text=”about us1″ _builder_version=”4.20.4″ _module_preset=”default” global_colors_info=”{}”][\/et_pb_image][et_pb_text _builder_version=”4.20.4″ _module_preset=”16a54059-cc81-4572-9c70-eda6a6c419bf” text_font=”Montserrat|500|||||||” text_text_color=”#000000″ text_font_size=”16px” text_line_height=”1.8em” link_font=”||||on||||” link_text_color=”#000000″ ul_line_height=”2em” text_font_size_tablet=”15px” text_font_size_phone=”13px” text_font_size_last_edited=”on|phone” header_font_size_tablet=”55px” header_font_size_last_edited=”off|desktop” locked=”off” global_colors_info=”{}”]<\/p>\n<p>Notre \u00e9quipe comprend des ing\u00e9nieurs, des agriculteurs et des techniciens de maintenance qui comprennent les d\u00e9fis quotidiens de la gestion des r\u00e9sidus apr\u00e8s r\u00e9colte, non pas gr\u00e2ce \u00e0 des brochures, mais en travaillant aux c\u00f4t\u00e9s des producteurs.<\/p>\n<p>[\/et_pb_text][\/et_pb_column][et_pb_column type=”3_5″ _builder_version=”4.16″ _module_preset=”default” global_colors_info=”{}”][et_pb_image src=”https:\/\/straw-balers.com\/wp-content\/uploads\/2025\/11\/about-us.webp” alt=”about us” title_text=”about us” _builder_version=”4.20.4″ _module_preset=”default” locked=”off” global_colors_info=”{}”][\/et_pb_image][et_pb_text _builder_version=”4.20.4″ _module_preset=”16a54059-cc81-4572-9c70-eda6a6c419bf” text_font=”Montserrat|500|||||||” text_text_color=”#000000″ text_font_size=”16px” text_line_height=”1.8em” link_font=”||||on||||” link_text_color=”#000000″ ul_line_height=”2em” text_font_size_tablet=”15px” text_font_size_phone=”13px” text_font_size_last_edited=”on|phone” header_font_size_tablet=”55px” header_font_size_last_edited=”off|desktop” locked=”off” global_colors_info=”{}”]<\/p>\n<p>Nous avons cr\u00e9\u00e9 cette entreprise car nous avions constat\u00e9 un besoin constant\u00a0: des presses \u00e0 paille fiables et simples d\u2019utilisation pour le mat\u00e9riel agricole, performantes saison apr\u00e8s saison sans complexit\u00e9 inutile. Trop d\u2019exploitations agricoles \u00e9taient contraintes de choisir entre des machines hors de prix et des mod\u00e8les de qualit\u00e9 inf\u00e9rieure qui tombaient en panne au moment crucial de la r\u00e9colte. Nous avons donc entrepris de proposer une troisi\u00e8me voie\u00a0: des machines alliant durabilit\u00e9, facilit\u00e9 d\u2019utilisation et prix raisonnable.<\/p>\n<p>[\/et_pb_text][\/et_pb_column][\/et_pb_row][\/et_pb_section][et_pb_section fb_built=”1″ admin_label=”Footer” _builder_version=”4.16″ _module_preset=”default” saved_tabs=”all” locked=”off” global_colors_info=”{}”][et_pb_row column_structure=”1_2,1_2″ _builder_version=”4.16″ _module_preset=”default” background_color=”gcid-d116008b-ce49-46ea-9433-049c9562a0bc” custom_margin=”||30px||false|false” custom_padding=”60px||0px||false|false” global_colors_info=”{%22gcid-d116008b-ce49-46ea-9433-049c9562a0bc%22:%91%22background_color%22%93}”][et_pb_column type=”1_2″ _builder_version=”4.16″ _module_preset=”default” global_colors_info=”{}”][et_pb_image src=”https:\/\/straw-balers.com\/wp-content\/uploads\/2025\/11\/about-us-9YG-1.webp” alt=”about us-9YG-1.0C” title_text=”about us-9YG-1.0C” _builder_version=”4.20.4″ _module_preset=”default” global_colors_info=”{}”][\/et_pb_image][\/et_pb_column][et_pb_column type=”1_2″ _builder_version=”4.16″ _module_preset=”default” custom_padding=”|70px|70px||false|false” custom_padding_tablet=”|30px|30px|30px|false|true” custom_padding_phone=”0px|20px||20px|false|true” custom_padding_last_edited=”on|tablet” global_colors_info=”{}”][et_pb_text _builder_version=”4.20.4″ _module_preset=”4deaa1a6-d0cd-49d0-ada3-8dc22addd086″ header_4_font=”Montserrat|700|||||||” header_4_font_size=”16px” header_4_line_height=”1.5em” custom_margin=”||0px||false|false” header_4_font_size_tablet=”” header_4_font_size_phone=”12px” header_4_font_size_last_edited=”on|phone” locked=”off” global_colors_info=”{}”]<\/p>\n<h4>Chaque presse \u00e0 paille que nous produisons est soumise \u00e0 des tests en conditions r\u00e9elles.<\/h4>\n<p>[\/et_pb_text][et_pb_text _builder_version=”4.20.4″ _module_preset=”32021f09-dd67-47fb-8f9a-832b72a38baf” header_2_font=”Montserrat|700|||||||” header_2_text_color=”#000000″ header_2_font_size=”50px” header_2_line_height=”1.2em” custom_margin=”||0px||false|false” header_2_font_size_tablet=”32px” header_2_font_size_phone=”18px” header_2_font_size_last_edited=”on|tablet” locked=”off” global_colors_info=”{}”]<\/p>\n<h2>sur les champs de bl\u00e9, de riz et de coton\u2014<\/h2>\n<p>[\/et_pb_text][et_pb_text _builder_version=”4.20.4″ _module_preset=”aec0be99-8a53-4f75-abf2-64f29a8b4cc2″ text_font=”Montserrat||||||||” text_text_color=”#000000″ text_font_size=”20px” text_font_size_tablet=”16px” text_font_size_phone=”13px” text_font_size_last_edited=”on|tablet” global_colors_info=”{}”]<\/p>\n<p>car les performances ne peuvent tout simplement pas \u00eatre simul\u00e9es.<\/p>\n<p>[\/et_pb_text][et_pb_button button_url=”https:\/\/straw-balers.com\/contact-us” button_text=”Contact us” _builder_version=”4.20.4″ _module_preset=”a93bd5f4-85ca-4af8-aab9-5954042d5969″ custom_button=”on” button_text_size=”16px” button_text_color=”#FFFFFF” button_bg_color=”#000000″ button_border_width=”0px” button_border_radius=”0px” button_letter_spacing=”2px” button_font=”Montserrat|600||on|||||” custom_padding=”15px|30px|15px|30px|true|true” custom_padding_tablet=”13px|25px|13px|25px|true|true” custom_padding_phone=”10px|20px|10px|20px|true|true” custom_padding_last_edited=”on|phone” button_text_size_tablet=”15px” button_text_size_phone=”14px” button_text_size_last_edited=”on|phone” locked=”off” global_colors_info=”{}” button_bg_color__hover_enabled=”on|hover” button_bg_color__hover=”#383838″ button_bg_enable_color__hover=”on”][\/et_pb_button][\/et_pb_column][\/et_pb_row][et_pb_row _builder_version=”4.20.4″ _module_preset=”default” global_colors_info=”{}”][et_pb_column type=”4_4″ _builder_version=”4.20.4″ _module_preset=”default” global_colors_info=”{}”][et_pb_text _builder_version=”4.20.4″ _module_preset=”default” header_2_font=”|800|||||||” header_2_text_align=”center” header_2_font_size=”50px” global_colors_info=”{}”]<\/p>\n<h2 data-spm-anchor-id=\"5176.28103460.0.i171.bc984fa5rlZb1k\">Certifications et brevets<\/h2>\n<p>[\/et_pb_text][\/et_pb_column][\/et_pb_row][et_pb_row column_structure=”1_2,1_2″ _builder_version=”4.20.4″ _module_preset=”default” width=”100%” max_width=”100%” global_colors_info=”{}”][et_pb_column type=”1_2″ _builder_version=”4.20.4″ _module_preset=”default” global_colors_info=”{}”][et_pb_image src=”https:\/\/straw-balers.com\/wp-content\/uploads\/2025\/11\/certificates.webp” alt=”certificates” title_text=”certificates” _builder_version=”4.20.4″ _module_preset=”default” global_colors_info=”{}”][\/et_pb_image][\/et_pb_column][et_pb_column type=”1_2″ _builder_version=”4.20.4″ _module_preset=”default” global_colors_info=”{}”][et_pb_text _builder_version=”4.20.4″ _module_preset=”default” header_3_font=”|800|||||||” header_3_text_align=”left” header_3_font_size=”26px” width=”80%” module_alignment=”center” global_colors_info=”{}”]<\/p>\n<h3>Tous les produits r\u00e9pondent aux normes internationales de s\u00e9curit\u00e9 et de qualit\u00e9\u00a0:<\/h3>\n<p>[\/et_pb_text][et_pb_blurb use_icon=”on” font_icon=”&#x52;||divi||400″ icon_placement=”left” _builder_version=”4.20.4″ _module_preset=”default” global_colors_info=”{}”]<\/p>\n<article class=\"4ever-article\"><span data-type=\"text\">Qualit\u00e9 ISO9001 <\/span><span data-type=\"text\">Certification du syst\u00e8me de gestion<\/span><\/article>\n<p>[\/et_pb_blurb][et_pb_blurb use_icon=”on” font_icon=”&#x52;||divi||400″ icon_placement=”left” _builder_version=”4.20.4″ _module_preset=”default” locked=”off” global_colors_info=”{}”]<\/p>\n<article class=\"4ever-article\">\n<article class=\"4ever-article\">\n<article class=\"4ever-article\"><span data-type=\"text\">Certification de niveau A pour l'int\u00e9gration de l'informatisation et de l'industrialisation<\/span><\/article>\n<\/article>\n<\/article>\n<p>[\/et_pb_blurb][et_pb_blurb use_icon=”on” font_icon=”&#x52;||divi||400″ icon_placement=”left” _builder_version=”4.20.4″ _module_preset=”default” locked=”off” global_colors_info=”{}”]<\/p>\n<article class=\"4ever-article\">\n<article class=\"4ever-article\"><span data-type=\"text\">Fabricant v\u00e9rifi\u00e9 par SGS<\/span><\/article>\n<\/article>\n<p>[\/et_pb_blurb][\/et_pb_column][\/et_pb_row][et_pb_row column_structure=”1_6,1_6,1_6,1_6,1_6,1_6″ _builder_version=”4.20.4″ _module_preset=”default” width=”100%” max_width=”100%” global_colors_info=”{}”][et_pb_column type=”1_6″ _builder_version=”4.20.4″ _module_preset=”default” global_colors_info=”{}”][et_pb_text _builder_version=”4.20.4″ _module_preset=”default” text_font=”|800|||||||” text_text_color=”#000000″ text_font_size=”25px” text_orientation=”center” global_colors_info=”{}”]<\/p>\n<p>2021<\/p>\n<p>[\/et_pb_text][et_pb_divider color=”#000000″ divider_weight=”5px” _builder_version=”4.20.4″ _module_preset=”default” width=”100%” global_colors_info=”{}”][\/et_pb_divider][et_pb_text _builder_version=”4.20.4″ _module_preset=”default” global_colors_info=”{}”]<\/p>\n<ul>\n<li>En juillet, le premier lot de produits, comprenant des tondeuses, des r\u00e2teaux et des presses \u00e0 balles, est officiellement sorti de la cha\u00eene de production.<\/li>\n<li>En novembre, l'entreprise a r\u00e9ussi le <strong>ISO9001<\/strong> Certification internationale du syst\u00e8me de gestion de la qualit\u00e9.<\/li>\n<\/ul>\n<p>[\/et_pb_text][\/et_pb_column][et_pb_column type=”1_6″ _builder_version=”4.20.4″ _module_preset=”default” global_colors_info=”{}”][et_pb_text _builder_version=”4.20.4″ _module_preset=”default” text_font=”|800|||||||” text_text_color=”#000000″ text_font_size=”25px” text_orientation=”center” locked=”off” global_colors_info=”{}”]<\/p>\n<p>2022<\/p>\n<p>[\/et_pb_text][et_pb_divider color=”#000000″ divider_weight=”5px” _builder_version=”4.20.4″ _module_preset=”default” locked=”off” global_colors_info=”{}”][\/et_pb_divider][et_pb_text _builder_version=”4.20.4″ _module_preset=”default” global_colors_info=”{}”]<\/p>\n<ul>\n<li>En mars, les produits de la s\u00e9rie de presses \u00e0 balles rondes 9YG-2.24 ont obtenu le test et l'\u00e9valuation des machines agricoles.<br \/>Le certificat et ont \u00e9t\u00e9 inclus dans le catalogue national des subventions \u00e0 l'achat de machines agricoles.<\/li>\n<li>En juillet, l'entreprise a acquis le syst\u00e8me PDM (Gestion des donn\u00e9es produit) afin de constituer un socle pour le cycle de vie complet des produits.<br \/>gestion des donn\u00e9es de R&amp;D.<\/li>\n<\/ul>\n<p>[\/et_pb_text][\/et_pb_column][et_pb_column type=”1_6″ _builder_version=”4.20.4″ _module_preset=”default” global_colors_info=”{}”][et_pb_text _builder_version=”4.20.4″ _module_preset=”default” text_font=”|800|||||||” text_text_color=”#000000″ text_font_size=”25px” text_orientation=”center” locked=”off” global_colors_info=”{}”]<\/p>\n<p>2023<\/p>\n<p>[\/et_pb_text][et_pb_divider color=”#000000″ divider_weight=”5px” _builder_version=”4.20.4″ _module_preset=”default” locked=”off” global_colors_info=”{}”][\/et_pb_divider][et_pb_text _builder_version=”4.20.4″ _module_preset=”default” global_colors_info=”{}”]<\/p>\n<ul>\n<li>En ao\u00fbt, la ligne de production moderne de machines d'\u00e9levage, d'une capacit\u00e9 de production annuelle de 2\u00a0000 unit\u00e9s, a \u00e9t\u00e9 mise en service.<br \/>en production et exploitation normales. L'entreprise a \u00e9t\u00e9 reconnue comme \u00ab Entreprise nationale de haute technologie \u00bb.<\/li>\n<li>En octobre, l'entreprise a \u00e9t\u00e9 identifi\u00e9e comme une PME technologique dans la r\u00e9gion autonome de Mongolie-Int\u00e9rieure.<br \/>La presse \u00e0 balles rondes de l'entreprise a obtenu le \u00ab certificat de conformit\u00e9 de l'Union \u00e9conomique eurasienne \u00bb en Russie.<\/li>\n<\/ul>\n<p>[\/et_pb_text][\/et_pb_column][et_pb_column type=”1_6″ _builder_version=”4.20.4″ _module_preset=”default” global_colors_info=”{}”][et_pb_text _builder_version=”4.20.4″ _module_preset=”default” text_font=”|800|||||||” text_text_color=”#000000″ text_font_size=”25px” text_orientation=”center” locked=”off” global_colors_info=”{}”]<\/p>\n<p>2024<\/p>\n<p>[\/et_pb_text][et_pb_divider color=”#000000″ divider_weight=”5px” _builder_version=”4.20.4″ _module_preset=”default” locked=”off” global_colors_info=”{}”][\/et_pb_divider][et_pb_text _builder_version=”4.20.4″ _module_preset=”default” global_colors_info=”{}”]<\/p>\n<ul>\n<li>En mai, la soci\u00e9t\u00e9 a export\u00e9 son premier produit vers la Russie.<\/li>\n<li>En d\u00e9cembre, le volume des ventes de presses \u00e0 balles rondes de l'entreprise se classait au premier rang en Chine.<\/li>\n<\/ul>\n<p>[\/et_pb_text][\/et_pb_column][et_pb_column type=”1_6″ _builder_version=”4.20.4″ _module_preset=”default” global_colors_info=”{}”][et_pb_text _builder_version=”4.20.4″ _module_preset=”default” text_font=”|800|||||||” text_text_color=”#000000″ text_font_size=”25px” text_orientation=”center” locked=”off” global_colors_info=”{}”]<\/p>\n<p>2025<\/p>\n<p>[\/et_pb_text][et_pb_divider color=”#000000″ divider_weight=”5px” _builder_version=”4.20.4″ _module_preset=”default” locked=”off” global_colors_info=”{}”][\/et_pb_divider][et_pb_text _builder_version=”4.20.4″ _module_preset=”default” global_colors_info=”{}”]<\/p>\n<ul>\n<li>En octobre, la soci\u00e9t\u00e9 a re\u00e7u le titre honorifique de \u00ab PME sp\u00e9cialis\u00e9e, raffin\u00e9e, unique et innovante \u00bb pour l'ann\u00e9e 2025.<\/li>\n<\/ul>\n<p>[\/et_pb_text][\/et_pb_column][et_pb_column type=”1_6″ _builder_version=”4.20.4″ _module_preset=”default” global_colors_info=”{}”][et_pb_text _builder_version=”4.20.4″ _module_preset=”default” text_font=”|800|||||||” text_text_color=”#000000″ text_font_size=”25px” text_orientation=”center” locked=”off” global_colors_info=”{}”]<\/p>\n<p>AVENIR<\/p>\n<p>[\/et_pb_text][et_pb_divider color=”#000000″ divider_weight=”5px” _builder_version=”4.20.4″ _module_preset=”default” locked=”off” global_colors_info=”{}”][\/et_pb_divider][et_pb_text _builder_version=”4.20.4″ _module_preset=”default” text_font=”|800|||||||” global_colors_info=”{}”]<\/p>\n<ul>\n<li>Nous avons h\u00e2te de voir notre performance.<\/li>\n<\/ul>\n<p>[\/et_pb_text][\/et_pb_column][\/et_pb_row][\/et_pb_section]<\/p>","protected":false},"excerpt":{"rendered":"<p>About usA professional team engaged in agricultural straw balers.Focused on Practical Straw Baler SolutionsWe are a dedicated straw baler manufacturer with years of hands-on experience in agricultural machinery design and field support.\u00a0OUR HISTORYFrom 2021The summer of 2021 remains vivid in our memories: over 30 team members working relentlessly in a simple workshop, sweat pouring down [&hellip;]<\/p>","protected":false},"author":1,"featured_media":0,"parent":0,"menu_order":0,"comment_status":"closed","ping_status":"closed","template":"","meta":{"_et_pb_use_builder":"on","_et_pb_old_content":"","_et_gb_content_width":"","footnotes":""},"class_list":["post-114","page","type-page","status-publish","hentry"],"_links":{"self":[{"href":"https:\/\/straw-balers.com\/fr\/wp-json\/wp\/v2\/pages\/114","targetHints":{"allow":["GET"]}}],"collection":[{"href":"https:\/\/straw-balers.com\/fr\/wp-json\/wp\/v2\/pages"}],"about":[{"href":"https:\/\/straw-balers.com\/fr\/wp-json\/wp\/v2\/types\/page"}],"author":[{"embeddable":true,"href":"https:\/\/straw-balers.com\/fr\/wp-json\/wp\/v2\/users\/1"}],"replies":[{"embeddable":true,"href":"https:\/\/straw-balers.com\/fr\/wp-json\/wp\/v2\/comments?post=114"}],"version-history":[{"count":3,"href":"https:\/\/straw-balers.com\/fr\/wp-json\/wp\/v2\/pages\/114\/revisions"}],"predecessor-version":[{"id":184,"href":"https:\/\/straw-balers.com\/fr\/wp-json\/wp\/v2\/pages\/114\/revisions\/184"}],"wp:attachment":[{"href":"https:\/\/straw-balers.com\/fr\/wp-json\/wp\/v2\/media?parent=114"}],"curies":[{"name":"wp","href":"https:\/\/api.w.org\/{rel}","templated":true}]}}