{"id":114,"date":"2025-11-17T07:35:47","date_gmt":"2025-11-17T07:35:47","guid":{"rendered":"https:\/\/straw-balers.com\/?page_id=114"},"modified":"2025-11-26T03:42:56","modified_gmt":"2025-11-26T03:42:56","slug":"chi-siamo","status":"publish","type":"page","link":"https:\/\/straw-balers.com\/it\/chi-siamo\/","title":{"rendered":"Chi siamo"},"content":{"rendered":"<p>[et_pb_section fb_built=”1″ custom_padding_last_edited=”off|desktop” admin_label=”Header” _builder_version=”4.20.4″ _module_preset=”default” background_color=”#000000″ background_color_gradient_direction=”60deg” background_color_gradient_start=”#efe8ff” background_color_gradient_end=”#bac7ff” background_enable_image=”off” background_size=”contain” background_position=”bottom_left” custom_padding=”8vw||||false|false” custom_padding_tablet=”80px||||false|false” custom_padding_phone=”60px||||false|false” background_last_edited=”off|desktop” use_background_color_gradient_tablet=”on” background_color_gradient_stops_tablet=”rgba(255,255,255,0.5) 0%|rgba(255,255,255,0.5) 100%” background_color_gradient_start_tablet=”rgba(255,255,255,0.5)” background_color_gradient_end_tablet=”rgba(255,255,255,0.5)” global_colors_info=”{}”][et_pb_row _builder_version=”4.16″ _module_preset=”default” locked=”off” global_colors_info=”{}”][et_pb_column type=”4_4″ _builder_version=”4.16″ _module_preset=”default” z_index=”10″ global_colors_info=”{}”][et_pb_text _builder_version=”4.20.4″ _module_preset=”c2849e14-f298-4e85-93bb-b7eb6ec6b099″ header_font=”Montserrat|700|||||||” header_text_color=”#FFFFFF” header_font_size=”80px” header_line_height=”1.35em” header_font_size_tablet=”40px” header_font_size_phone=”28px” header_font_size_last_edited=”on|phone” global_colors_info=”{}”]<\/p>\n<h1>Chi siamo<\/h1>\n<p>[\/et_pb_text][et_pb_text _builder_version=”4.20.4″ _module_preset=”3a5fa9a7-7987-4564-89a5-37b87a5b6ad8″ text_font=”|700|||||||” text_text_color=”#FFFFFF” text_font_size=”30px” header_font=”||||||||” header_3_font=”Montserrat|700|||||||” header_3_text_color=”#000000″ header_3_font_size=”30px” header_3_line_height=”1.4em” header_3_font_size_tablet=”20px” header_3_font_size_phone=”16px” header_3_font_size_last_edited=”on|phone” global_colors_info=”{}”]<\/p>\n<p>Un team di professionisti impegnato nella produzione di presse per paglia agricole.<\/p>\n<p>[\/et_pb_text][\/et_pb_column][\/et_pb_row][\/et_pb_section][et_pb_section fb_built=”1″ admin_label=”Call to Action” _builder_version=”4.16″ _module_preset=”default” custom_padding=”0px||||false|false” global_colors_info=”{}”][et_pb_row column_structure=”2_5,3_5″ _builder_version=”4.16″ _module_preset=”default” background_color=”#000000″ custom_padding=”0px||0px||false|false” global_colors_info=”{}”][et_pb_column type=”2_5″ _builder_version=”4.16″ _module_preset=”default” custom_padding=”80px||40px|60px|false|false” custom_padding_tablet=”40px|40px|40px|40px|true|true” custom_padding_phone=”20px|20px|20px|20px|true|true” custom_padding_last_edited=”on|desktop” global_colors_info=”{}”][et_pb_text _builder_version=”4.20.4″ _module_preset=”1d866de3-b108-4c5f-bed3-2da9506a6915″ header_font=”||||||||” header_4_font=”Montserrat|700|||||||” header_4_text_color=”#FFFFFF” header_4_font_size=”22px” header_4_line_height=”1.5em” custom_margin=”||10px||false|false” header_4_font_size_tablet=”20px” header_4_font_size_phone=”13px” header_4_font_size_last_edited=”on|phone” locked=”off” global_colors_info=”{}”]<\/p>\n<h4>Concentrati su soluzioni pratiche per presse per paglia<\/h4>\n<p>[\/et_pb_text][et_pb_text _builder_version=”4.20.4″ _module_preset=”16a54059-cc81-4572-9c70-eda6a6c419bf” text_font=”Montserrat|500|||||||” text_text_color=”#FFFFFF” text_font_size=”16px” text_line_height=”1.8em” link_font=”||||on||||” link_text_color=”#000000″ ul_line_height=”2em” text_font_size_tablet=”15px” text_font_size_phone=”13px” text_font_size_last_edited=”on|phone” header_font_size_tablet=”55px” header_font_size_last_edited=”off|desktop” global_colors_info=”{}”]<\/p>\n<p>Siamo un produttore specializzato di presse per paglia con anni di esperienza pratica nella progettazione di macchinari agricoli e nell'assistenza sul campo.\u00a0<\/p>\n<p>[\/et_pb_text][\/et_pb_column][et_pb_column type=”3_5″ _builder_version=”4.16″ _module_preset=”default” global_colors_info=”{}”][et_pb_image src=”https:\/\/straw-balers.com\/wp-content\/uploads\/2025\/11\/straw-baler-use.webp” alt=”straw baler use” title_text=”straw baler use” _builder_version=”4.20.4″ _module_preset=”default” global_colors_info=”{}”][\/et_pb_image][\/et_pb_column][\/et_pb_row][\/et_pb_section][et_pb_section fb_built=”1″ admin_label=”Features” _builder_version=”4.16″ _module_preset=”default” locked=”off” global_colors_info=”{}”][et_pb_row _builder_version=”4.20.4″ _module_preset=”default” background_color=”#242424″ background_enable_mask_style=”on” background_mask_style=”corner-paint” background_mask_transform=”flip_horizontal|invert” width=”100%” max_width=”100%” global_colors_info=”{}”][et_pb_column type=”4_4″ _builder_version=”4.20.4″ _module_preset=”default” global_colors_info=”{}”][et_pb_text _builder_version=”4.20.4″ _module_preset=”default” header_2_font=”|800|||||||” header_2_text_align=”right” header_2_text_color=”#FFFFFF” header_2_font_size=”60px” height=”200px” custom_margin=”|20px|||false|false” custom_padding=”80px||80px||true|false” global_colors_info=”{}”]<\/p>\n<h2>LA NOSTRA STORIA<\/h2>\n<p>[\/et_pb_text][\/et_pb_column][\/et_pb_row][et_pb_row column_structure=”1_3,1_3,1_3″ _builder_version=”4.16″ _module_preset=”default” border_width_bottom=”4px” global_colors_info=”{}”][et_pb_column type=”1_3″ _builder_version=”4.16″ _module_preset=”default” global_colors_info=”{}”][et_pb_text _builder_version=”4.20.4″ _module_preset=”default” header_2_font=”|800|||||||” global_colors_info=”{}”]<\/p>\n<h2>Dal 2021<\/h2>\n<p>[\/et_pb_text][et_pb_text _builder_version=”4.20.4″ _module_preset=”default” global_colors_info=”{}”]<\/p>\n<p>L'estate del 2021 \u00e8 ancora vivida nei nostri ricordi: oltre 30 membri del team lavoravano senza sosta in un'officina semplice, con il sudore che colava sulle loro fronti. Dall'ansia di dover ripetere il debugging per il nostro primo lotto di prodotti in mezzo a colli di bottiglia tecnici, alle lacrime di gioia condivise da tutto il team quando la nostra prima attrezzatura \u00e8 stata esportata; dall'essere liquidati come \"piccola officina\" al ricevere elogi da clienti internazionali per \"aver lavorato il terreno pi\u00f9 duro\": questo viaggio \u00e8 segnato dalla nostra ossessione per l'innovazione tecnologica.<\/p>\n<p>[\/et_pb_text][\/et_pb_column][et_pb_column type=”1_3″ _builder_version=”4.16″ _module_preset=”default” global_colors_info=”{}”][et_pb_text _builder_version=”4.20.4″ _module_preset=”default” header_2_font=”|800|||||||” global_colors_info=”{}”]<\/p>\n<h2>Ora<\/h2>\n<p>[\/et_pb_text][et_pb_text _builder_version=”4.27.4″ _module_preset=”default” hover_enabled=”0″ global_colors_info=”{}” sticky_enabled=”0″]<\/p>\n<p>Negli ultimi cinque anni, ci siamo evoluti da nuovi arrivati \u200b\u200bnel settore a pionieri transfrontalieri, ricchi di vitalit\u00e0 e slancio. Quello che \u00e8 iniziato come un modesto laboratorio di 2.000 metri quadrati quando siamo stati fondati nel 2021 si \u00e8 ora trasformato in una moderna linea di produzione intelligente di 32.000 metri quadrati. La nostra produzione annuale \u00e8 passata da 100 a 2.000 unit\u00e0 e la nostra rete di vendita si \u00e8 espansa oltre i confini nazionali per raggiungere i vasti mercati di Mongolia, Russia e Bielorussia. Dietro ognuno di questi traguardi si cela l'incrollabile perseveranza del nostro team e il prezioso supporto dei nostri partner, che hanno \"navigato con noi nella buona e nella cattiva sorte\".<\/p>\n<p>[\/et_pb_text][\/et_pb_column][et_pb_column type=”1_3″ _builder_version=”4.16″ _module_preset=”default” global_colors_info=”{}”][et_pb_text _builder_version=”4.20.4″ _module_preset=”default” header_2_font=”|800|||||||” global_colors_info=”{}”]<\/p>\n<h2>Futuro<\/h2>\n<p>[\/et_pb_text][et_pb_text _builder_version=”4.20.4″ _module_preset=”default” global_colors_info=”{}”]<\/p>\n<p>Aderiamo sempre al principio di servizio \"partire dalle esigenze del cliente e concluderlo con la sua soddisfazione\". Con la produzione snella come nostro fulcro, promuoviamo costantemente l'aggiornamento intelligente dei macchinari agro-zootecnici. Ci impegniamo a diventare un'azienda leader nel settore delle attrezzature agro-zootecniche in Cina, offrendo soluzioni convenienti ai clienti in tutto il mondo.<\/p>\n<p>[\/et_pb_text][\/et_pb_column][\/et_pb_row][\/et_pb_section][et_pb_section fb_built=”1″ admin_label=”About” _builder_version=”4.16″ _module_preset=”default” locked=”off” global_colors_info=”{}”][et_pb_row column_structure=”2_5,3_5″ _builder_version=”4.16″ _module_preset=”default” custom_padding=”||40px||false|false” border_color_all=”#000000″ border_width_bottom=”4px” global_colors_info=”{}”][et_pb_column type=”2_5″ _builder_version=”4.16″ _module_preset=”default” global_colors_info=”{}”][et_pb_text _builder_version=”4.20.4″ _module_preset=”3a5fa9a7-7987-4564-89a5-37b87a5b6ad8″ header_font=”||||||||” header_2_font=”|800|||||||” header_2_text_color=”#000000″ header_2_font_size=”50px” header_3_text_color=”#000000″ header_3_font_size=”30px” header_3_line_height=”1.4em” custom_margin=”||20px||false|false” header_3_font_size_tablet=”20px” header_3_font_size_phone=”16px” header_3_font_size_last_edited=”on|phone” locked=”off” global_colors_info=”{}”]<\/p>\n<h2>Il nostro team<\/h2>\n<p>[\/et_pb_text][et_pb_image src=”https:\/\/straw-balers.com\/wp-content\/uploads\/2025\/11\/about-us1.webp” alt=”about us1″ title_text=”about us1″ _builder_version=”4.20.4″ _module_preset=”default” global_colors_info=”{}”][\/et_pb_image][et_pb_text _builder_version=”4.20.4″ _module_preset=”16a54059-cc81-4572-9c70-eda6a6c419bf” text_font=”Montserrat|500|||||||” text_text_color=”#000000″ text_font_size=”16px” text_line_height=”1.8em” link_font=”||||on||||” link_text_color=”#000000″ ul_line_height=”2em” text_font_size_tablet=”15px” text_font_size_phone=”13px” text_font_size_last_edited=”on|phone” header_font_size_tablet=”55px” header_font_size_last_edited=”off|desktop” locked=”off” global_colors_info=”{}”]<\/p>\n<p>Il nostro team \u00e8 composto da ingegneri, agricoltori e tecnici dell'assistenza che conoscono le sfide quotidiane della gestione dei residui post-raccolto, non grazie alle brochure, ma grazie alla collaborazione con i coltivatori.<\/p>\n<p>[\/et_pb_text][\/et_pb_column][et_pb_column type=”3_5″ _builder_version=”4.16″ _module_preset=”default” global_colors_info=”{}”][et_pb_image src=”https:\/\/straw-balers.com\/wp-content\/uploads\/2025\/11\/about-us.webp” alt=”about us” title_text=”about us” _builder_version=”4.20.4″ _module_preset=”default” locked=”off” global_colors_info=”{}”][\/et_pb_image][et_pb_text _builder_version=”4.20.4″ _module_preset=”16a54059-cc81-4572-9c70-eda6a6c419bf” text_font=”Montserrat|500|||||||” text_text_color=”#000000″ text_font_size=”16px” text_line_height=”1.8em” link_font=”||||on||||” link_text_color=”#000000″ ul_line_height=”2em” text_font_size_tablet=”15px” text_font_size_phone=”13px” text_font_size_last_edited=”on|phone” header_font_size_tablet=”55px” header_font_size_last_edited=”off|desktop” locked=”off” global_colors_info=”{}”]<\/p>\n<p>Abbiamo fondato questa azienda perch\u00e9 abbiamo individuato un'esigenza costante: una pressa per paglia affidabile e semplice da usare per le attrezzature agricole, che funzionasse stagione dopo stagione senza inutili complessit\u00e0. Troppe aziende agricole erano costrette a scegliere tra macchine troppo costose o modelli poco performanti che si rompevano durante i periodi di punta della produzione. Abbiamo deciso di offrire una terza opzione: macchine che bilanciassero durata, facilit\u00e0 d'uso e costi ragionevoli.<\/p>\n<p>[\/et_pb_text][\/et_pb_column][\/et_pb_row][\/et_pb_section][et_pb_section fb_built=”1″ admin_label=”Footer” _builder_version=”4.16″ _module_preset=”default” saved_tabs=”all” locked=”off” global_colors_info=”{}”][et_pb_row column_structure=”1_2,1_2″ _builder_version=”4.16″ _module_preset=”default” background_color=”gcid-d116008b-ce49-46ea-9433-049c9562a0bc” custom_margin=”||30px||false|false” custom_padding=”60px||0px||false|false” global_colors_info=”{%22gcid-d116008b-ce49-46ea-9433-049c9562a0bc%22:%91%22background_color%22%93}”][et_pb_column type=”1_2″ _builder_version=”4.16″ _module_preset=”default” global_colors_info=”{}”][et_pb_image src=”https:\/\/straw-balers.com\/wp-content\/uploads\/2025\/11\/about-us-9YG-1.webp” alt=”about us-9YG-1.0C” title_text=”about us-9YG-1.0C” _builder_version=”4.20.4″ _module_preset=”default” global_colors_info=”{}”][\/et_pb_image][\/et_pb_column][et_pb_column type=”1_2″ _builder_version=”4.16″ _module_preset=”default” custom_padding=”|70px|70px||false|false” custom_padding_tablet=”|30px|30px|30px|false|true” custom_padding_phone=”0px|20px||20px|false|true” custom_padding_last_edited=”on|tablet” global_colors_info=”{}”][et_pb_text _builder_version=”4.20.4″ _module_preset=”4deaa1a6-d0cd-49d0-ada3-8dc22addd086″ header_4_font=”Montserrat|700|||||||” header_4_font_size=”16px” header_4_line_height=”1.5em” custom_margin=”||0px||false|false” header_4_font_size_tablet=”” header_4_font_size_phone=”12px” header_4_font_size_last_edited=”on|phone” locked=”off” global_colors_info=”{}”]<\/p>\n<h4>Ogni pressa per paglia che produciamo viene sottoposta a test pratici:<\/h4>\n<p>[\/et_pb_text][et_pb_text _builder_version=”4.20.4″ _module_preset=”32021f09-dd67-47fb-8f9a-832b72a38baf” header_2_font=”Montserrat|700|||||||” header_2_text_color=”#000000″ header_2_font_size=”50px” header_2_line_height=”1.2em” custom_margin=”||0px||false|false” header_2_font_size_tablet=”32px” header_2_font_size_phone=”18px” header_2_font_size_last_edited=”on|tablet” locked=”off” global_colors_info=”{}”]<\/p>\n<h2>sui campi di grano, di riso e di cotone\u2014<\/h2>\n<p>[\/et_pb_text][et_pb_text _builder_version=”4.20.4″ _module_preset=”aec0be99-8a53-4f75-abf2-64f29a8b4cc2″ text_font=”Montserrat||||||||” text_text_color=”#000000″ text_font_size=”20px” text_font_size_tablet=”16px” text_font_size_phone=”13px” text_font_size_last_edited=”on|tablet” global_colors_info=”{}”]<\/p>\n<p>perch\u00e9 le prestazioni semplicemente non possono essere simulate.<\/p>\n<p>[\/et_pb_text][et_pb_button button_url=”https:\/\/straw-balers.com\/contact-us” button_text=”Contact us” _builder_version=”4.20.4″ _module_preset=”a93bd5f4-85ca-4af8-aab9-5954042d5969″ custom_button=”on” button_text_size=”16px” button_text_color=”#FFFFFF” button_bg_color=”#000000″ button_border_width=”0px” button_border_radius=”0px” button_letter_spacing=”2px” button_font=”Montserrat|600||on|||||” custom_padding=”15px|30px|15px|30px|true|true” custom_padding_tablet=”13px|25px|13px|25px|true|true” custom_padding_phone=”10px|20px|10px|20px|true|true” custom_padding_last_edited=”on|phone” button_text_size_tablet=”15px” button_text_size_phone=”14px” button_text_size_last_edited=”on|phone” locked=”off” global_colors_info=”{}” button_bg_color__hover_enabled=”on|hover” button_bg_color__hover=”#383838″ button_bg_enable_color__hover=”on”][\/et_pb_button][\/et_pb_column][\/et_pb_row][et_pb_row _builder_version=”4.20.4″ _module_preset=”default” global_colors_info=”{}”][et_pb_column type=”4_4″ _builder_version=”4.20.4″ _module_preset=”default” global_colors_info=”{}”][et_pb_text _builder_version=”4.20.4″ _module_preset=”default” header_2_font=”|800|||||||” header_2_text_align=”center” header_2_font_size=”50px” global_colors_info=”{}”]<\/p>\n<h2 data-spm-anchor-id=\"5176.28103460.0.i171.bc984fa5rlZb1k\">Certificazioni e brevetti<\/h2>\n<p>[\/et_pb_text][\/et_pb_column][\/et_pb_row][et_pb_row column_structure=”1_2,1_2″ _builder_version=”4.20.4″ _module_preset=”default” width=”100%” max_width=”100%” global_colors_info=”{}”][et_pb_column type=”1_2″ _builder_version=”4.20.4″ _module_preset=”default” global_colors_info=”{}”][et_pb_image src=”https:\/\/straw-balers.com\/wp-content\/uploads\/2025\/11\/certificates.webp” alt=”certificates” title_text=”certificates” _builder_version=”4.20.4″ _module_preset=”default” global_colors_info=”{}”][\/et_pb_image][\/et_pb_column][et_pb_column type=”1_2″ _builder_version=”4.20.4″ _module_preset=”default” global_colors_info=”{}”][et_pb_text _builder_version=”4.20.4″ _module_preset=”default” header_3_font=”|800|||||||” header_3_text_align=”left” header_3_font_size=”26px” width=”80%” module_alignment=”center” global_colors_info=”{}”]<\/p>\n<h3>Tutti i prodotti soddisfano gli standard internazionali di sicurezza e qualit\u00e0:<\/h3>\n<p>[\/et_pb_text][et_pb_blurb use_icon=”on” font_icon=”&#x52;||divi||400″ icon_placement=”left” _builder_version=”4.20.4″ _module_preset=”default” global_colors_info=”{}”]<\/p>\n<article class=\"4ever-article\"><span data-type=\"text\">Qualit\u00e0 ISO9001 <\/span><span data-type=\"text\">Certificazione del sistema di gestione<\/span><\/article>\n<p>[\/et_pb_blurb][et_pb_blurb use_icon=”on” font_icon=”&#x52;||divi||400″ icon_placement=”left” _builder_version=”4.20.4″ _module_preset=”default” locked=”off” global_colors_info=”{}”]<\/p>\n<article class=\"4ever-article\">\n<article class=\"4ever-article\">\n<article class=\"4ever-article\"><span data-type=\"text\">Certificazione di Grado A per l'Integrazione dell'Informatizzazione e dell'Industrializzazione<\/span><\/article>\n<\/article>\n<\/article>\n<p>[\/et_pb_blurb][et_pb_blurb use_icon=”on” font_icon=”&#x52;||divi||400″ icon_placement=”left” _builder_version=”4.20.4″ _module_preset=”default” locked=”off” global_colors_info=”{}”]<\/p>\n<article class=\"4ever-article\">\n<article class=\"4ever-article\"><span data-type=\"text\">Produttore verificato SGS<\/span><\/article>\n<\/article>\n<p>[\/et_pb_blurb][\/et_pb_column][\/et_pb_row][et_pb_row column_structure=”1_6,1_6,1_6,1_6,1_6,1_6″ _builder_version=”4.20.4″ _module_preset=”default” width=”100%” max_width=”100%” global_colors_info=”{}”][et_pb_column type=”1_6″ _builder_version=”4.20.4″ _module_preset=”default” global_colors_info=”{}”][et_pb_text _builder_version=”4.20.4″ _module_preset=”default” text_font=”|800|||||||” text_text_color=”#000000″ text_font_size=”25px” text_orientation=”center” global_colors_info=”{}”]<\/p>\n<p>2021<\/p>\n<p>[\/et_pb_text][et_pb_divider color=”#000000″ divider_weight=”5px” _builder_version=”4.20.4″ _module_preset=”default” width=”100%” global_colors_info=”{}”][\/et_pb_divider][et_pb_text _builder_version=”4.20.4″ _module_preset=”default” global_colors_info=”{}”]<\/p>\n<ul>\n<li>A luglio, il primo lotto di prodotti, tra cui tosaerba, rastrelli e imballatrici, \u00e8 ufficialmente uscito dalla linea di produzione.<\/li>\n<li>A novembre la societ\u00e0 ha approvato il <strong>ISO9001<\/strong> Certificazione internazionale del sistema di gestione della qualit\u00e0.<\/li>\n<\/ul>\n<p>[\/et_pb_text][\/et_pb_column][et_pb_column type=”1_6″ _builder_version=”4.20.4″ _module_preset=”default” global_colors_info=”{}”][et_pb_text _builder_version=”4.20.4″ _module_preset=”default” text_font=”|800|||||||” text_text_color=”#000000″ text_font_size=”25px” text_orientation=”center” locked=”off” global_colors_info=”{}”]<\/p>\n<p>2022<\/p>\n<p>[\/et_pb_text][et_pb_divider color=”#000000″ divider_weight=”5px” _builder_version=”4.20.4″ _module_preset=”default” locked=”off” global_colors_info=”{}”][\/et_pb_divider][et_pb_text _builder_version=”4.20.4″ _module_preset=”default” global_colors_info=”{}”]<\/p>\n<ul>\n<li>A marzo, i prodotti della serie 9YG-2.24 Round Baler hanno ottenuto il test e la valutazione delle macchine agricole<br \/>Certificato e sono stati inclusi nel catalogo nazionale dei sussidi per l'acquisto di macchinari agricoli.<\/li>\n<li>A luglio, l'azienda ha acquistato il sistema PDM (Product Data Management) per creare un core per l'intero ciclo di vita<br \/>gestione dei dati di R&amp;S.<\/li>\n<\/ul>\n<p>[\/et_pb_text][\/et_pb_column][et_pb_column type=”1_6″ _builder_version=”4.20.4″ _module_preset=”default” global_colors_info=”{}”][et_pb_text _builder_version=”4.20.4″ _module_preset=”default” text_font=”|800|||||||” text_text_color=”#000000″ text_font_size=”25px” text_orientation=”center” locked=”off” global_colors_info=”{}”]<\/p>\n<p>2023<\/p>\n<p>[\/et_pb_text][et_pb_divider color=”#000000″ divider_weight=”5px” _builder_version=”4.20.4″ _module_preset=”default” locked=”off” global_colors_info=”{}”][\/et_pb_divider][et_pb_text _builder_version=”4.20.4″ _module_preset=”default” global_colors_info=”{}”]<\/p>\n<ul>\n<li>Ad agosto \u00e8 stata messa in funzione la moderna linea di produzione di macchinari per l'allevamento di animali con una produzione annua di 2.000 set<br \/>alla normale produzione e operativit\u00e0. L'azienda \u00e8 stata riconosciuta come \"Impresa Nazionale ad Alta Tecnologia\".<\/li>\n<li>A ottobre, l'azienda \u00e8 stata identificata come PMI tecnologica nella Regione autonoma della Mongolia Interna.<br \/>La rotopressa dell'azienda ha ottenuto il \"Certificato di conformit\u00e0 dell'Unione economica eurasiatica\" in Russia.<\/li>\n<\/ul>\n<p>[\/et_pb_text][\/et_pb_column][et_pb_column type=”1_6″ _builder_version=”4.20.4″ _module_preset=”default” global_colors_info=”{}”][et_pb_text _builder_version=”4.20.4″ _module_preset=”default” text_font=”|800|||||||” text_text_color=”#000000″ text_font_size=”25px” text_orientation=”center” locked=”off” global_colors_info=”{}”]<\/p>\n<p>2024<\/p>\n<p>[\/et_pb_text][et_pb_divider color=”#000000″ divider_weight=”5px” _builder_version=”4.20.4″ _module_preset=”default” locked=”off” global_colors_info=”{}”][\/et_pb_divider][et_pb_text _builder_version=”4.20.4″ _module_preset=”default” global_colors_info=”{}”]<\/p>\n<ul>\n<li>A maggio l'azienda ha esportato il primo prodotto in Russia.<\/li>\n<li>A dicembre, il volume di vendite delle rotopresse dell'azienda si \u00e8 classificato al primo posto in Cina.<\/li>\n<\/ul>\n<p>[\/et_pb_text][\/et_pb_column][et_pb_column type=”1_6″ _builder_version=”4.20.4″ _module_preset=”default” global_colors_info=”{}”][et_pb_text _builder_version=”4.20.4″ _module_preset=”default” text_font=”|800|||||||” text_text_color=”#000000″ text_font_size=”25px” text_orientation=”center” locked=”off” global_colors_info=”{}”]<\/p>\n<p>2025<\/p>\n<p>[\/et_pb_text][et_pb_divider color=”#000000″ divider_weight=”5px” _builder_version=”4.20.4″ _module_preset=”default” locked=”off” global_colors_info=”{}”][\/et_pb_divider][et_pb_text _builder_version=”4.20.4″ _module_preset=”default” global_colors_info=”{}”]<\/p>\n<ul>\n<li>Nell'ottobre 2025, l'azienda ha ricevuto il titolo onorifico di Piccola e Media Impresa \"Specializzata, Raffinata, Unica e Innovativa\".<\/li>\n<\/ul>\n<p>[\/et_pb_text][\/et_pb_column][et_pb_column type=”1_6″ _builder_version=”4.20.4″ _module_preset=”default” global_colors_info=”{}”][et_pb_text _builder_version=”4.20.4″ _module_preset=”default” text_font=”|800|||||||” text_text_color=”#000000″ text_font_size=”25px” text_orientation=”center” locked=”off” global_colors_info=”{}”]<\/p>\n<p>FUTURO<\/p>\n<p>[\/et_pb_text][et_pb_divider color=”#000000″ divider_weight=”5px” _builder_version=”4.20.4″ _module_preset=”default” locked=”off” global_colors_info=”{}”][\/et_pb_divider][et_pb_text _builder_version=”4.20.4″ _module_preset=”default” text_font=”|800|||||||” global_colors_info=”{}”]<\/p>\n<ul>\n<li>Non vediamo l'ora di vedere la nostra esibizione<\/li>\n<\/ul>\n<p>[\/et_pb_text][\/et_pb_column][\/et_pb_row][\/et_pb_section]<\/p>","protected":false},"excerpt":{"rendered":"<p>About usA professional team engaged in agricultural straw balers.Focused on Practical Straw Baler SolutionsWe are a dedicated straw baler manufacturer with years of hands-on experience in agricultural machinery design and field support.\u00a0OUR HISTORYFrom 2021The summer of 2021 remains vivid in our memories: over 30 team members working relentlessly in a simple workshop, sweat pouring down [&hellip;]<\/p>","protected":false},"author":1,"featured_media":0,"parent":0,"menu_order":0,"comment_status":"closed","ping_status":"closed","template":"","meta":{"_et_pb_use_builder":"on","_et_pb_old_content":"","_et_gb_content_width":"","footnotes":""},"class_list":["post-114","page","type-page","status-publish","hentry"],"_links":{"self":[{"href":"https:\/\/straw-balers.com\/it\/wp-json\/wp\/v2\/pages\/114","targetHints":{"allow":["GET"]}}],"collection":[{"href":"https:\/\/straw-balers.com\/it\/wp-json\/wp\/v2\/pages"}],"about":[{"href":"https:\/\/straw-balers.com\/it\/wp-json\/wp\/v2\/types\/page"}],"author":[{"embeddable":true,"href":"https:\/\/straw-balers.com\/it\/wp-json\/wp\/v2\/users\/1"}],"replies":[{"embeddable":true,"href":"https:\/\/straw-balers.com\/it\/wp-json\/wp\/v2\/comments?post=114"}],"version-history":[{"count":3,"href":"https:\/\/straw-balers.com\/it\/wp-json\/wp\/v2\/pages\/114\/revisions"}],"predecessor-version":[{"id":184,"href":"https:\/\/straw-balers.com\/it\/wp-json\/wp\/v2\/pages\/114\/revisions\/184"}],"wp:attachment":[{"href":"https:\/\/straw-balers.com\/it\/wp-json\/wp\/v2\/media?parent=114"}],"curies":[{"name":"wp","href":"https:\/\/api.w.org\/{rel}","templated":true}]}}