{"id":114,"date":"2025-11-17T07:35:47","date_gmt":"2025-11-17T07:35:47","guid":{"rendered":"https:\/\/straw-balers.com\/?page_id=114"},"modified":"2025-11-26T03:42:56","modified_gmt":"2025-11-26T03:42:56","slug":"o-nas","status":"publish","type":"page","link":"https:\/\/straw-balers.com\/pl\/o-nas\/","title":{"rendered":"O nas"},"content":{"rendered":"<p>[et_pb_section fb_built=”1″ custom_padding_last_edited=”off|desktop” admin_label=”Header” _builder_version=”4.20.4″ _module_preset=”default” background_color=”#000000″ background_color_gradient_direction=”60deg” background_color_gradient_start=”#efe8ff” background_color_gradient_end=”#bac7ff” background_enable_image=”off” background_size=”contain” background_position=”bottom_left” custom_padding=”8vw||||false|false” custom_padding_tablet=”80px||||false|false” custom_padding_phone=”60px||||false|false” background_last_edited=”off|desktop” use_background_color_gradient_tablet=”on” background_color_gradient_stops_tablet=”rgba(255,255,255,0.5) 0%|rgba(255,255,255,0.5) 100%” background_color_gradient_start_tablet=”rgba(255,255,255,0.5)” background_color_gradient_end_tablet=”rgba(255,255,255,0.5)” global_colors_info=”{}”][et_pb_row _builder_version=”4.16″ _module_preset=”default” locked=”off” global_colors_info=”{}”][et_pb_column type=”4_4″ _builder_version=”4.16″ _module_preset=”default” z_index=”10″ global_colors_info=”{}”][et_pb_text _builder_version=”4.20.4″ _module_preset=”c2849e14-f298-4e85-93bb-b7eb6ec6b099″ header_font=”Montserrat|700|||||||” header_text_color=”#FFFFFF” header_font_size=”80px” header_line_height=”1.35em” header_font_size_tablet=”40px” header_font_size_phone=”28px” header_font_size_last_edited=”on|phone” global_colors_info=”{}”]<\/p>\n<h1>O nas<\/h1>\n<p>[\/et_pb_text][et_pb_text _builder_version=”4.20.4″ _module_preset=”3a5fa9a7-7987-4564-89a5-37b87a5b6ad8″ text_font=”|700|||||||” text_text_color=”#FFFFFF” text_font_size=”30px” header_font=”||||||||” header_3_font=”Montserrat|700|||||||” header_3_text_color=”#000000″ header_3_font_size=”30px” header_3_line_height=”1.4em” header_3_font_size_tablet=”20px” header_3_font_size_phone=”16px” header_3_font_size_last_edited=”on|phone” global_colors_info=”{}”]<\/p>\n<p>Profesjonalny zesp\u00f3\u0142 zajmuj\u0105cy si\u0119 prasami do s\u0142omy w rolnictwie.<\/p>\n<p>[\/et_pb_text][\/et_pb_column][\/et_pb_row][\/et_pb_section][et_pb_section fb_built=”1″ admin_label=”Call to Action” _builder_version=”4.16″ _module_preset=”default” custom_padding=”0px||||false|false” global_colors_info=”{}”][et_pb_row column_structure=”2_5,3_5″ _builder_version=”4.16″ _module_preset=”default” background_color=”#000000″ custom_padding=”0px||0px||false|false” global_colors_info=”{}”][et_pb_column type=”2_5″ _builder_version=”4.16″ _module_preset=”default” custom_padding=”80px||40px|60px|false|false” custom_padding_tablet=”40px|40px|40px|40px|true|true” custom_padding_phone=”20px|20px|20px|20px|true|true” custom_padding_last_edited=”on|desktop” global_colors_info=”{}”][et_pb_text _builder_version=”4.20.4″ _module_preset=”1d866de3-b108-4c5f-bed3-2da9506a6915″ header_font=”||||||||” header_4_font=”Montserrat|700|||||||” header_4_text_color=”#FFFFFF” header_4_font_size=”22px” header_4_line_height=”1.5em” custom_margin=”||10px||false|false” header_4_font_size_tablet=”20px” header_4_font_size_phone=”13px” header_4_font_size_last_edited=”on|phone” locked=”off” global_colors_info=”{}”]<\/p>\n<h4>Skoncentrowane na praktycznych rozwi\u0105zaniach dla pras do s\u0142omy<\/h4>\n<p>[\/et_pb_text][et_pb_text _builder_version=”4.20.4″ _module_preset=”16a54059-cc81-4572-9c70-eda6a6c419bf” text_font=”Montserrat|500|||||||” text_text_color=”#FFFFFF” text_font_size=”16px” text_line_height=”1.8em” link_font=”||||on||||” link_text_color=”#000000″ ul_line_height=”2em” text_font_size_tablet=”15px” text_font_size_phone=”13px” text_font_size_last_edited=”on|phone” header_font_size_tablet=”55px” header_font_size_last_edited=”off|desktop” global_colors_info=”{}”]<\/p>\n<p>Jeste\u015bmy producentem specjalizuj\u0105cym si\u0119 w prasach do s\u0142omy, posiadaj\u0105cym wieloletnie do\u015bwiadczenie praktyczne w projektowaniu maszyn rolniczych i \u015bwiadczeniu us\u0142ug wsparcia w terenie.\u00a0<\/p>\n<p>[\/et_pb_text][\/et_pb_column][et_pb_column type=”3_5″ _builder_version=”4.16″ _module_preset=”default” global_colors_info=”{}”][et_pb_image src=”https:\/\/straw-balers.com\/wp-content\/uploads\/2025\/11\/straw-baler-use.webp” alt=”straw baler use” title_text=”straw baler use” _builder_version=”4.20.4″ _module_preset=”default” global_colors_info=”{}”][\/et_pb_image][\/et_pb_column][\/et_pb_row][\/et_pb_section][et_pb_section fb_built=”1″ admin_label=”Features” _builder_version=”4.16″ _module_preset=”default” locked=”off” global_colors_info=”{}”][et_pb_row _builder_version=”4.20.4″ _module_preset=”default” background_color=”#242424″ background_enable_mask_style=”on” background_mask_style=”corner-paint” background_mask_transform=”flip_horizontal|invert” width=”100%” max_width=”100%” global_colors_info=”{}”][et_pb_column type=”4_4″ _builder_version=”4.20.4″ _module_preset=”default” global_colors_info=”{}”][et_pb_text _builder_version=”4.20.4″ _module_preset=”default” header_2_font=”|800|||||||” header_2_text_align=”right” header_2_text_color=”#FFFFFF” header_2_font_size=”60px” height=”200px” custom_margin=”|20px|||false|false” custom_padding=”80px||80px||true|false” global_colors_info=”{}”]<\/p>\n<h2>NASZA HISTORIA<\/h2>\n<p>[\/et_pb_text][\/et_pb_column][\/et_pb_row][et_pb_row column_structure=”1_3,1_3,1_3″ _builder_version=”4.16″ _module_preset=”default” border_width_bottom=”4px” global_colors_info=”{}”][et_pb_column type=”1_3″ _builder_version=”4.16″ _module_preset=”default” global_colors_info=”{}”][et_pb_text _builder_version=”4.20.4″ _module_preset=”default” header_2_font=”|800|||||||” global_colors_info=”{}”]<\/p>\n<h2>Od 2021 roku<\/h2>\n<p>[\/et_pb_text][et_pb_text _builder_version=”4.20.4″ _module_preset=”default” global_colors_info=”{}”]<\/p>\n<p>Lato 2021 roku pozostaje \u017cywe w naszej pami\u0119ci: ponad 30 cz\u0142onk\u00f3w zespo\u0142u pracuje niestrudzenie w prostym warsztacie, a pot sp\u0142ywa im po czo\u0142ach. Od niepokoju zwi\u0105zanego z wielokrotnym debugowaniem naszej pierwszej partii produkt\u00f3w w obliczu technicznych problem\u00f3w, po \u0142zy rado\u015bci ca\u0142ego zespo\u0142u, gdy wyeksportowano nasz pierwszy sprz\u0119t; od bycia zbywanym jako \u201ema\u0142y warsztat\u201d po zdobywanie pochwa\u0142 mi\u0119dzynarodowych klient\u00f3w za \u201eprzekopywanie najtwardszego gruntu\u201d \u2013 ta podr\u00f3\u017c jest naznaczona nasz\u0105 obsesj\u0105 na punkcie innowacji technologicznych.<\/p>\n<p>[\/et_pb_text][\/et_pb_column][et_pb_column type=”1_3″ _builder_version=”4.16″ _module_preset=”default” global_colors_info=”{}”][et_pb_text _builder_version=”4.20.4″ _module_preset=”default” header_2_font=”|800|||||||” global_colors_info=”{}”]<\/p>\n<h2>Teraz<\/h2>\n<p>[\/et_pb_text][et_pb_text _builder_version=”4.27.4″ _module_preset=”default” hover_enabled=”0″ global_colors_info=”{}” sticky_enabled=”0″]<\/p>\n<p>W ci\u0105gu ostatnich pi\u0119ciu lat przekszta\u0142cili\u015bmy si\u0119 z nowicjusza w bran\u017cy w pioniera na rynku mi\u0119dzynarodowym, pe\u0142nego energii i dynamiki. To, co zacz\u0119\u0142o si\u0119 jako skromny warsztat o powierzchni 2000 metr\u00f3w kwadratowych, gdy powstali\u015bmy w 2021 roku, przekszta\u0142ci\u0142o si\u0119 w nowoczesn\u0105, inteligentn\u0105 lini\u0119 produkcyjn\u0105 o powierzchni 32 000 metr\u00f3w kwadratowych. Nasza roczna produkcja wzros\u0142a ze 100 do 2000 sztuk, a nasza sie\u0107 sprzeda\u017cy rozszerzy\u0142a si\u0119 poza granice kraju, obejmuj\u0105c rozleg\u0142e rynki Mongolii, Rosji i Bia\u0142orusi. Za ka\u017cdym z tych kamieni milowych kryje si\u0119 niez\u0142omna wytrwa\u0142o\u015b\u0107 naszego zespo\u0142u \u2014 i nieocenione wsparcie naszych partner\u00f3w, kt\u00f3rzy \u201e\u017ceglowali z nami w trudnych i trudnych chwilach\u201d.<\/p>\n<p>[\/et_pb_text][\/et_pb_column][et_pb_column type=”1_3″ _builder_version=”4.16″ _module_preset=”default” global_colors_info=”{}”][et_pb_text _builder_version=”4.20.4″ _module_preset=”default” header_2_font=”|800|||||||” global_colors_info=”{}”]<\/p>\n<h2>Przysz\u0142y<\/h2>\n<p>[\/et_pb_text][et_pb_text _builder_version=”4.20.4″ _module_preset=”default” global_colors_info=”{}”]<\/p>\n<p>Zawsze kierujemy si\u0119 zasad\u0105 \u201ezaczynaj\u0105c od potrzeb klienta, a ko\u0144cz\u0105c na jego zadowoleniu\u201d. Kieruj\u0105c si\u0119 zasad\u0105 szczup\u0142ej produkcji, nieustannie d\u0105\u017cymy do inteligentnej modernizacji maszyn rolniczych i hodowlanych. D\u0105\u017cymy do tego, aby sta\u0107 si\u0119 wiod\u0105cym przedsi\u0119biorstwem w chi\u0144skiej bran\u017cy sprz\u0119tu rolniczego i hodowlanego, dostarczaj\u0105c klientom na ca\u0142ym \u015bwiecie op\u0142acalne rozwi\u0105zania.<\/p>\n<p>[\/et_pb_text][\/et_pb_column][\/et_pb_row][\/et_pb_section][et_pb_section fb_built=”1″ admin_label=”About” _builder_version=”4.16″ _module_preset=”default” locked=”off” global_colors_info=”{}”][et_pb_row column_structure=”2_5,3_5″ _builder_version=”4.16″ _module_preset=”default” custom_padding=”||40px||false|false” border_color_all=”#000000″ border_width_bottom=”4px” global_colors_info=”{}”][et_pb_column type=”2_5″ _builder_version=”4.16″ _module_preset=”default” global_colors_info=”{}”][et_pb_text _builder_version=”4.20.4″ _module_preset=”3a5fa9a7-7987-4564-89a5-37b87a5b6ad8″ header_font=”||||||||” header_2_font=”|800|||||||” header_2_text_color=”#000000″ header_2_font_size=”50px” header_3_text_color=”#000000″ header_3_font_size=”30px” header_3_line_height=”1.4em” custom_margin=”||20px||false|false” header_3_font_size_tablet=”20px” header_3_font_size_phone=”16px” header_3_font_size_last_edited=”on|phone” locked=”off” global_colors_info=”{}”]<\/p>\n<h2>Nasz zesp\u00f3\u0142<\/h2>\n<p>[\/et_pb_text][et_pb_image src=”https:\/\/straw-balers.com\/wp-content\/uploads\/2025\/11\/about-us1.webp” alt=”about us1″ title_text=”about us1″ _builder_version=”4.20.4″ _module_preset=”default” global_colors_info=”{}”][\/et_pb_image][et_pb_text _builder_version=”4.20.4″ _module_preset=”16a54059-cc81-4572-9c70-eda6a6c419bf” text_font=”Montserrat|500|||||||” text_text_color=”#000000″ text_font_size=”16px” text_line_height=”1.8em” link_font=”||||on||||” link_text_color=”#000000″ ul_line_height=”2em” text_font_size_tablet=”15px” text_font_size_phone=”13px” text_font_size_last_edited=”on|phone” header_font_size_tablet=”55px” header_font_size_last_edited=”off|desktop” locked=”off” global_colors_info=”{}”]<\/p>\n<p>Nasz zesp\u00f3\u0142 sk\u0142ada si\u0119 z in\u017cynier\u00f3w, rolnik\u00f3w i technik\u00f3w serwisowych, kt\u00f3rzy rozumiej\u0105 codzienne wyzwania zwi\u0105zane z zarz\u0105dzaniem resztkami po\u017cniwnymi \u2014 nie z broszur, ale dzi\u0119ki wsp\u00f3\u0142pracy z rolnikami.<\/p>\n<p>[\/et_pb_text][\/et_pb_column][et_pb_column type=”3_5″ _builder_version=”4.16″ _module_preset=”default” global_colors_info=”{}”][et_pb_image src=”https:\/\/straw-balers.com\/wp-content\/uploads\/2025\/11\/about-us.webp” alt=”about us” title_text=”about us” _builder_version=”4.20.4″ _module_preset=”default” locked=”off” global_colors_info=”{}”][\/et_pb_image][et_pb_text _builder_version=”4.20.4″ _module_preset=”16a54059-cc81-4572-9c70-eda6a6c419bf” text_font=”Montserrat|500|||||||” text_text_color=”#000000″ text_font_size=”16px” text_line_height=”1.8em” link_font=”||||on||||” link_text_color=”#000000″ ul_line_height=”2em” text_font_size_tablet=”15px” text_font_size_phone=”13px” text_font_size_last_edited=”on|phone” header_font_size_tablet=”55px” header_font_size_last_edited=”off|desktop” locked=”off” global_colors_info=”{}”]<\/p>\n<p>Za\u0142o\u017cyli\u015bmy t\u0119 firm\u0119, poniewa\u017c dostrzegali\u015bmy sta\u0142e zapotrzebowanie na niezawodn\u0105, \u200b\u200bprost\u0105 pras\u0119 do s\u0142omy do maszyn rolniczych, kt\u00f3ra dzia\u0142a sezon po sezonie bez zb\u0119dnej komplikacji. Zbyt wiele gospodarstw rolnych musia\u0142o wybiera\u0107 mi\u0119dzy maszynami o wyg\u00f3rowanej cenie a modelami o s\u0142abej konstrukcji, kt\u00f3re psu\u0142y si\u0119 w okresach szczytowych zapotrzebowania na belowanie. Postanowili\u015bmy zaoferowa\u0107 trzeci\u0105 opcj\u0119 \u2013 maszyny \u0142\u0105cz\u0105ce trwa\u0142o\u015b\u0107, \u0142atwo\u015b\u0107 obs\u0142ugi i rozs\u0105dn\u0105 cen\u0119.<\/p>\n<p>[\/et_pb_text][\/et_pb_column][\/et_pb_row][\/et_pb_section][et_pb_section fb_built=”1″ admin_label=”Footer” _builder_version=”4.16″ _module_preset=”default” saved_tabs=”all” locked=”off” global_colors_info=”{}”][et_pb_row column_structure=”1_2,1_2″ _builder_version=”4.16″ _module_preset=”default” background_color=”gcid-d116008b-ce49-46ea-9433-049c9562a0bc” custom_margin=”||30px||false|false” custom_padding=”60px||0px||false|false” global_colors_info=”{%22gcid-d116008b-ce49-46ea-9433-049c9562a0bc%22:%91%22background_color%22%93}”][et_pb_column type=”1_2″ _builder_version=”4.16″ _module_preset=”default” global_colors_info=”{}”][et_pb_image src=”https:\/\/straw-balers.com\/wp-content\/uploads\/2025\/11\/about-us-9YG-1.webp” alt=”about us-9YG-1.0C” title_text=”about us-9YG-1.0C” _builder_version=”4.20.4″ _module_preset=”default” global_colors_info=”{}”][\/et_pb_image][\/et_pb_column][et_pb_column type=”1_2″ _builder_version=”4.16″ _module_preset=”default” custom_padding=”|70px|70px||false|false” custom_padding_tablet=”|30px|30px|30px|false|true” custom_padding_phone=”0px|20px||20px|false|true” custom_padding_last_edited=”on|tablet” global_colors_info=”{}”][et_pb_text _builder_version=”4.20.4″ _module_preset=”4deaa1a6-d0cd-49d0-ada3-8dc22addd086″ header_4_font=”Montserrat|700|||||||” header_4_font_size=”16px” header_4_line_height=”1.5em” custom_margin=”||0px||false|false” header_4_font_size_tablet=”” header_4_font_size_phone=”12px” header_4_font_size_last_edited=”on|phone” locked=”off” global_colors_info=”{}”]<\/p>\n<h4>Ka\u017cda prasa do s\u0142omy, kt\u00f3r\u0105 produkujemy, przechodzi testy w warunkach rzeczywistych \u2014<\/h4>\n<p>[\/et_pb_text][et_pb_text _builder_version=”4.20.4″ _module_preset=”32021f09-dd67-47fb-8f9a-832b72a38baf” header_2_font=”Montserrat|700|||||||” header_2_text_color=”#000000″ header_2_font_size=”50px” header_2_line_height=”1.2em” custom_margin=”||0px||false|false” header_2_font_size_tablet=”32px” header_2_font_size_phone=”18px” header_2_font_size_last_edited=”on|tablet” locked=”off” global_colors_info=”{}”]<\/p>\n<h2>na polach pszenicy, ry\u017cu i bawe\u0142ny \u2014<\/h2>\n<p>[\/et_pb_text][et_pb_text _builder_version=”4.20.4″ _module_preset=”aec0be99-8a53-4f75-abf2-64f29a8b4cc2″ text_font=”Montserrat||||||||” text_text_color=”#000000″ text_font_size=”20px” text_font_size_tablet=”16px” text_font_size_phone=”13px” text_font_size_last_edited=”on|tablet” global_colors_info=”{}”]<\/p>\n<p>poniewa\u017c wydajno\u015bci po prostu nie da si\u0119 symulowa\u0107.<\/p>\n<p>[\/et_pb_text][et_pb_button button_url=”https:\/\/straw-balers.com\/contact-us” button_text=”Contact us” _builder_version=”4.20.4″ _module_preset=”a93bd5f4-85ca-4af8-aab9-5954042d5969″ custom_button=”on” button_text_size=”16px” button_text_color=”#FFFFFF” button_bg_color=”#000000″ button_border_width=”0px” button_border_radius=”0px” button_letter_spacing=”2px” button_font=”Montserrat|600||on|||||” custom_padding=”15px|30px|15px|30px|true|true” custom_padding_tablet=”13px|25px|13px|25px|true|true” custom_padding_phone=”10px|20px|10px|20px|true|true” custom_padding_last_edited=”on|phone” button_text_size_tablet=”15px” button_text_size_phone=”14px” button_text_size_last_edited=”on|phone” locked=”off” global_colors_info=”{}” button_bg_color__hover_enabled=”on|hover” button_bg_color__hover=”#383838″ button_bg_enable_color__hover=”on”][\/et_pb_button][\/et_pb_column][\/et_pb_row][et_pb_row _builder_version=”4.20.4″ _module_preset=”default” global_colors_info=”{}”][et_pb_column type=”4_4″ _builder_version=”4.20.4″ _module_preset=”default” global_colors_info=”{}”][et_pb_text _builder_version=”4.20.4″ _module_preset=”default” header_2_font=”|800|||||||” header_2_text_align=”center” header_2_font_size=”50px” global_colors_info=”{}”]<\/p>\n<h2 data-spm-anchor-id=\"5176.28103460.0.i171.bc984fa5rlZb1k\">Certyfikaty i patenty<\/h2>\n<p>[\/et_pb_text][\/et_pb_column][\/et_pb_row][et_pb_row column_structure=”1_2,1_2″ _builder_version=”4.20.4″ _module_preset=”default” width=”100%” max_width=”100%” global_colors_info=”{}”][et_pb_column type=”1_2″ _builder_version=”4.20.4″ _module_preset=”default” global_colors_info=”{}”][et_pb_image src=”https:\/\/straw-balers.com\/wp-content\/uploads\/2025\/11\/certificates.webp” alt=”certificates” title_text=”certificates” _builder_version=”4.20.4″ _module_preset=”default” global_colors_info=”{}”][\/et_pb_image][\/et_pb_column][et_pb_column type=”1_2″ _builder_version=”4.20.4″ _module_preset=”default” global_colors_info=”{}”][et_pb_text _builder_version=”4.20.4″ _module_preset=”default” header_3_font=”|800|||||||” header_3_text_align=”left” header_3_font_size=”26px” width=”80%” module_alignment=”center” global_colors_info=”{}”]<\/p>\n<h3>Wszystkie produkty spe\u0142niaj\u0105 mi\u0119dzynarodowe standardy bezpiecze\u0144stwa i jako\u015bci:<\/h3>\n<p>[\/et_pb_text][et_pb_blurb use_icon=”on” font_icon=”&#x52;||divi||400″ icon_placement=”left” _builder_version=”4.20.4″ _module_preset=”default” global_colors_info=”{}”]<\/p>\n<article class=\"4ever-article\"><span data-type=\"text\">Jako\u015b\u0107 ISO9001 <\/span><span data-type=\"text\">Certyfikacja systemu zarz\u0105dzania<\/span><\/article>\n<p>[\/et_pb_blurb][et_pb_blurb use_icon=”on” font_icon=”&#x52;||divi||400″ icon_placement=”left” _builder_version=”4.20.4″ _module_preset=”default” locked=”off” global_colors_info=”{}”]<\/p>\n<article class=\"4ever-article\">\n<article class=\"4ever-article\">\n<article class=\"4ever-article\"><span data-type=\"text\">Certyfikat stopnia A z zakresu integracji informatyzacji i industrializacji<\/span><\/article>\n<\/article>\n<\/article>\n<p>[\/et_pb_blurb][et_pb_blurb use_icon=”on” font_icon=”&#x52;||divi||400″ icon_placement=”left” _builder_version=”4.20.4″ _module_preset=”default” locked=”off” global_colors_info=”{}”]<\/p>\n<article class=\"4ever-article\">\n<article class=\"4ever-article\"><span data-type=\"text\">Zweryfikowany producent SGS<\/span><\/article>\n<\/article>\n<p>[\/et_pb_blurb][\/et_pb_column][\/et_pb_row][et_pb_row column_structure=”1_6,1_6,1_6,1_6,1_6,1_6″ _builder_version=”4.20.4″ _module_preset=”default” width=”100%” max_width=”100%” global_colors_info=”{}”][et_pb_column type=”1_6″ _builder_version=”4.20.4″ _module_preset=”default” global_colors_info=”{}”][et_pb_text _builder_version=”4.20.4″ _module_preset=”default” text_font=”|800|||||||” text_text_color=”#000000″ text_font_size=”25px” text_orientation=”center” global_colors_info=”{}”]<\/p>\n<p>2021<\/p>\n<p>[\/et_pb_text][et_pb_divider color=”#000000″ divider_weight=”5px” _builder_version=”4.20.4″ _module_preset=”default” width=”100%” global_colors_info=”{}”][\/et_pb_divider][et_pb_text _builder_version=”4.20.4″ _module_preset=”default” global_colors_info=”{}”]<\/p>\n<ul>\n<li>W lipcu pierwsza partia produkt\u00f3w, obejmuj\u0105ca kosiarki, zgrabiarki i prasy, oficjalnie opu\u015bci\u0142a lini\u0119 produkcyjn\u0105.<\/li>\n<li>W listopadzie firma przesz\u0142a <strong>ISO9001<\/strong> Mi\u0119dzynarodowy Certyfikat Systemu Zarz\u0105dzania Jako\u015bci\u0105.<\/li>\n<\/ul>\n<p>[\/et_pb_text][\/et_pb_column][et_pb_column type=”1_6″ _builder_version=”4.20.4″ _module_preset=”default” global_colors_info=”{}”][et_pb_text _builder_version=”4.20.4″ _module_preset=”default” text_font=”|800|||||||” text_text_color=”#000000″ text_font_size=”25px” text_orientation=”center” locked=”off” global_colors_info=”{}”]<\/p>\n<p>2022<\/p>\n<p>[\/et_pb_text][et_pb_divider color=”#000000″ divider_weight=”5px” _builder_version=”4.20.4″ _module_preset=”default” locked=”off” global_colors_info=”{}”][\/et_pb_divider][et_pb_text _builder_version=”4.20.4″ _module_preset=”default” global_colors_info=”{}”]<\/p>\n<ul>\n<li>W marcu produkty serii pras zwijaj\u0105cych 9YG-2.24 przesz\u0142y badania i ocen\u0119 maszyn rolniczych<br \/>Certyfikat i zosta\u0142y uwzgl\u0119dnione w Krajowym Katalogu Dop\u0142at do Zakupu Maszyn Rolniczych.<\/li>\n<li>W lipcu firma zakupi\u0142a system PDM (Product Data Management), aby zbudowa\u0107 rdze\u0144 dla pe\u0142nego cyklu \u017cycia<br \/>zarz\u0105dzanie danymi badawczo-rozwojowymi.<\/li>\n<\/ul>\n<p>[\/et_pb_text][\/et_pb_column][et_pb_column type=”1_6″ _builder_version=”4.20.4″ _module_preset=”default” global_colors_info=”{}”][et_pb_text _builder_version=”4.20.4″ _module_preset=”default” text_font=”|800|||||||” text_text_color=”#000000″ text_font_size=”25px” text_orientation=”center” locked=”off” global_colors_info=”{}”]<\/p>\n<p>2023<\/p>\n<p>[\/et_pb_text][et_pb_divider color=”#000000″ divider_weight=”5px” _builder_version=”4.20.4″ _module_preset=”default” locked=”off” global_colors_info=”{}”][\/et_pb_divider][et_pb_text _builder_version=”4.20.4″ _module_preset=”default” global_colors_info=”{}”]<\/p>\n<ul>\n<li>W sierpniu oddano do u\u017cytku nowoczesn\u0105 lini\u0119 produkcyjn\u0105 maszyn do hodowli zwierz\u0105t o rocznej wydajno\u015bci 2 tys. zestaw\u00f3w.<br \/>do normalnej produkcji i eksploatacji. Firma zosta\u0142a uznana za \u201eNarodowe Przedsi\u0119biorstwo High-Tech\u201d.<\/li>\n<li>W pa\u017adzierniku firma zosta\u0142a uznana za M\u015aP dzia\u0142aj\u0105ce w sektorze technologii w regionie autonomicznym Mongolii Wewn\u0119trznej.<br \/>Prasa zwijaj\u0105ca firmy uzyska\u0142a w Rosji \u201eCertyfikat zgodno\u015bci Euroazjatyckiej Unii Gospodarczej\u201d.<\/li>\n<\/ul>\n<p>[\/et_pb_text][\/et_pb_column][et_pb_column type=”1_6″ _builder_version=”4.20.4″ _module_preset=”default” global_colors_info=”{}”][et_pb_text _builder_version=”4.20.4″ _module_preset=”default” text_font=”|800|||||||” text_text_color=”#000000″ text_font_size=”25px” text_orientation=”center” locked=”off” global_colors_info=”{}”]<\/p>\n<p>2024<\/p>\n<p>[\/et_pb_text][et_pb_divider color=”#000000″ divider_weight=”5px” _builder_version=”4.20.4″ _module_preset=”default” locked=”off” global_colors_info=”{}”][\/et_pb_divider][et_pb_text _builder_version=”4.20.4″ _module_preset=”default” global_colors_info=”{}”]<\/p>\n<ul>\n<li>W maju firma wyeksportowa\u0142a pierwszy produkt do Rosji.<\/li>\n<li>W grudniu firma zaj\u0119\u0142a pierwsze miejsce w Chinach pod wzgl\u0119dem wolumenu sprzeda\u017cy pras zwijaj\u0105cych.<\/li>\n<\/ul>\n<p>[\/et_pb_text][\/et_pb_column][et_pb_column type=”1_6″ _builder_version=”4.20.4″ _module_preset=”default” global_colors_info=”{}”][et_pb_text _builder_version=”4.20.4″ _module_preset=”default” text_font=”|800|||||||” text_text_color=”#000000″ text_font_size=”25px” text_orientation=”center” locked=”off” global_colors_info=”{}”]<\/p>\n<p>2025<\/p>\n<p>[\/et_pb_text][et_pb_divider color=”#000000″ divider_weight=”5px” _builder_version=”4.20.4″ _module_preset=”default” locked=”off” global_colors_info=”{}”][\/et_pb_divider][et_pb_text _builder_version=”4.20.4″ _module_preset=”default” global_colors_info=”{}”]<\/p>\n<ul>\n<li>W pa\u017adzierniku firma otrzyma\u0142a honorowy tytu\u0142 \u201eSpecjalistycznego, Wyrafinowanego, Unikalnego i Innowacyjnego\u201d Ma\u0142ego i \u015aredniego Przedsi\u0119biorstwa 2025.<\/li>\n<\/ul>\n<p>[\/et_pb_text][\/et_pb_column][et_pb_column type=”1_6″ _builder_version=”4.20.4″ _module_preset=”default” global_colors_info=”{}”][et_pb_text _builder_version=”4.20.4″ _module_preset=”default” text_font=”|800|||||||” text_text_color=”#000000″ text_font_size=”25px” text_orientation=”center” locked=”off” global_colors_info=”{}”]<\/p>\n<p>PRZYSZ\u0141Y<\/p>\n<p>[\/et_pb_text][et_pb_divider color=”#000000″ divider_weight=”5px” _builder_version=”4.20.4″ _module_preset=”default” locked=”off” global_colors_info=”{}”][\/et_pb_divider][et_pb_text _builder_version=”4.20.4″ _module_preset=”default” text_font=”|800|||||||” global_colors_info=”{}”]<\/p>\n<ul>\n<li>Czekamy z niecierpliwo\u015bci\u0105 na nasz wyst\u0119p<\/li>\n<\/ul>\n<p>[\/et_pb_text][\/et_pb_column][\/et_pb_row][\/et_pb_section]<\/p>","protected":false},"excerpt":{"rendered":"<p>About usA professional team engaged in agricultural straw balers.Focused on Practical Straw Baler SolutionsWe are a dedicated straw baler manufacturer with years of hands-on experience in agricultural machinery design and field support.\u00a0OUR HISTORYFrom 2021The summer of 2021 remains vivid in our memories: over 30 team members working relentlessly in a simple workshop, sweat pouring down [&hellip;]<\/p>","protected":false},"author":1,"featured_media":0,"parent":0,"menu_order":0,"comment_status":"closed","ping_status":"closed","template":"","meta":{"_et_pb_use_builder":"on","_et_pb_old_content":"","_et_gb_content_width":"","footnotes":""},"class_list":["post-114","page","type-page","status-publish","hentry"],"_links":{"self":[{"href":"https:\/\/straw-balers.com\/pl\/wp-json\/wp\/v2\/pages\/114","targetHints":{"allow":["GET"]}}],"collection":[{"href":"https:\/\/straw-balers.com\/pl\/wp-json\/wp\/v2\/pages"}],"about":[{"href":"https:\/\/straw-balers.com\/pl\/wp-json\/wp\/v2\/types\/page"}],"author":[{"embeddable":true,"href":"https:\/\/straw-balers.com\/pl\/wp-json\/wp\/v2\/users\/1"}],"replies":[{"embeddable":true,"href":"https:\/\/straw-balers.com\/pl\/wp-json\/wp\/v2\/comments?post=114"}],"version-history":[{"count":3,"href":"https:\/\/straw-balers.com\/pl\/wp-json\/wp\/v2\/pages\/114\/revisions"}],"predecessor-version":[{"id":184,"href":"https:\/\/straw-balers.com\/pl\/wp-json\/wp\/v2\/pages\/114\/revisions\/184"}],"wp:attachment":[{"href":"https:\/\/straw-balers.com\/pl\/wp-json\/wp\/v2\/media?parent=114"}],"curies":[{"name":"wp","href":"https:\/\/api.w.org\/{rel}","templated":true}]}}