{"id":114,"date":"2025-11-17T07:35:47","date_gmt":"2025-11-17T07:35:47","guid":{"rendered":"https:\/\/straw-balers.com\/?page_id=114"},"modified":"2025-11-26T03:42:56","modified_gmt":"2025-11-26T03:42:56","slug":"om-oss","status":"publish","type":"page","link":"https:\/\/straw-balers.com\/sv\/om-oss\/","title":{"rendered":"Om oss"},"content":{"rendered":"<p>[et_pb_section fb_built=”1″ custom_padding_last_edited=”off|desktop” admin_label=”Header” _builder_version=”4.20.4″ _module_preset=”default” background_color=”#000000″ background_color_gradient_direction=”60deg” background_color_gradient_start=”#efe8ff” background_color_gradient_end=”#bac7ff” background_enable_image=”off” background_size=”contain” background_position=”bottom_left” custom_padding=”8vw||||false|false” custom_padding_tablet=”80px||||false|false” custom_padding_phone=”60px||||false|false” background_last_edited=”off|desktop” use_background_color_gradient_tablet=”on” background_color_gradient_stops_tablet=”rgba(255,255,255,0.5) 0%|rgba(255,255,255,0.5) 100%” background_color_gradient_start_tablet=”rgba(255,255,255,0.5)” background_color_gradient_end_tablet=”rgba(255,255,255,0.5)” global_colors_info=”{}”][et_pb_row _builder_version=”4.16″ _module_preset=”default” locked=”off” global_colors_info=”{}”][et_pb_column type=”4_4″ _builder_version=”4.16″ _module_preset=”default” z_index=”10″ global_colors_info=”{}”][et_pb_text _builder_version=”4.20.4″ _module_preset=”c2849e14-f298-4e85-93bb-b7eb6ec6b099″ header_font=”Montserrat|700|||||||” header_text_color=”#FFFFFF” header_font_size=”80px” header_line_height=”1.35em” header_font_size_tablet=”40px” header_font_size_phone=”28px” header_font_size_last_edited=”on|phone” global_colors_info=”{}”]<\/p>\n<h1>Om oss<\/h1>\n<p>[\/et_pb_text][et_pb_text _builder_version=”4.20.4″ _module_preset=”3a5fa9a7-7987-4564-89a5-37b87a5b6ad8″ text_font=”|700|||||||” text_text_color=”#FFFFFF” text_font_size=”30px” header_font=”||||||||” header_3_font=”Montserrat|700|||||||” header_3_text_color=”#000000″ header_3_font_size=”30px” header_3_line_height=”1.4em” header_3_font_size_tablet=”20px” header_3_font_size_phone=”16px” header_3_font_size_last_edited=”on|phone” global_colors_info=”{}”]<\/p>\n<p>Ett professionellt team som arbetar med halmpressar f\u00f6r jordbruket.<\/p>\n<p>[\/et_pb_text][\/et_pb_column][\/et_pb_row][\/et_pb_section][et_pb_section fb_built=”1″ admin_label=”Call to Action” _builder_version=”4.16″ _module_preset=”default” custom_padding=”0px||||false|false” global_colors_info=”{}”][et_pb_row column_structure=”2_5,3_5″ _builder_version=”4.16″ _module_preset=”default” background_color=”#000000″ custom_padding=”0px||0px||false|false” global_colors_info=”{}”][et_pb_column type=”2_5″ _builder_version=”4.16″ _module_preset=”default” custom_padding=”80px||40px|60px|false|false” custom_padding_tablet=”40px|40px|40px|40px|true|true” custom_padding_phone=”20px|20px|20px|20px|true|true” custom_padding_last_edited=”on|desktop” global_colors_info=”{}”][et_pb_text _builder_version=”4.20.4″ _module_preset=”1d866de3-b108-4c5f-bed3-2da9506a6915″ header_font=”||||||||” header_4_font=”Montserrat|700|||||||” header_4_text_color=”#FFFFFF” header_4_font_size=”22px” header_4_line_height=”1.5em” custom_margin=”||10px||false|false” header_4_font_size_tablet=”20px” header_4_font_size_phone=”13px” header_4_font_size_last_edited=”on|phone” locked=”off” global_colors_info=”{}”]<\/p>\n<h4>Fokuserad p\u00e5 praktiska l\u00f6sningar f\u00f6r halmpressar<\/h4>\n<p>[\/et_pb_text][et_pb_text _builder_version=”4.20.4″ _module_preset=”16a54059-cc81-4572-9c70-eda6a6c419bf” text_font=”Montserrat|500|||||||” text_text_color=”#FFFFFF” text_font_size=”16px” text_line_height=”1.8em” link_font=”||||on||||” link_text_color=”#000000″ ul_line_height=”2em” text_font_size_tablet=”15px” text_font_size_phone=”13px” text_font_size_last_edited=”on|phone” header_font_size_tablet=”55px” header_font_size_last_edited=”off|desktop” global_colors_info=”{}”]<\/p>\n<p>Vi \u00e4r en dedikerad tillverkare av halmpressar med m\u00e5nga \u00e5rs praktisk erfarenhet av design och f\u00e4ltsupport av jordbruksmaskiner.\u00a0<\/p>\n<p>[\/et_pb_text][\/et_pb_column][et_pb_column type=”3_5″ _builder_version=”4.16″ _module_preset=”default” global_colors_info=”{}”][et_pb_image src=”https:\/\/straw-balers.com\/wp-content\/uploads\/2025\/11\/straw-baler-use.webp” alt=”straw baler use” title_text=”straw baler use” _builder_version=”4.20.4″ _module_preset=”default” global_colors_info=”{}”][\/et_pb_image][\/et_pb_column][\/et_pb_row][\/et_pb_section][et_pb_section fb_built=”1″ admin_label=”Features” _builder_version=”4.16″ _module_preset=”default” locked=”off” global_colors_info=”{}”][et_pb_row _builder_version=”4.20.4″ _module_preset=”default” background_color=”#242424″ background_enable_mask_style=”on” background_mask_style=”corner-paint” background_mask_transform=”flip_horizontal|invert” width=”100%” max_width=”100%” global_colors_info=”{}”][et_pb_column type=”4_4″ _builder_version=”4.20.4″ _module_preset=”default” global_colors_info=”{}”][et_pb_text _builder_version=”4.20.4″ _module_preset=”default” header_2_font=”|800|||||||” header_2_text_align=”right” header_2_text_color=”#FFFFFF” header_2_font_size=”60px” height=”200px” custom_margin=”|20px|||false|false” custom_padding=”80px||80px||true|false” global_colors_info=”{}”]<\/p>\n<h2>V\u00c5R HISTORIA<\/h2>\n<p>[\/et_pb_text][\/et_pb_column][\/et_pb_row][et_pb_row column_structure=”1_3,1_3,1_3″ _builder_version=”4.16″ _module_preset=”default” border_width_bottom=”4px” global_colors_info=”{}”][et_pb_column type=”1_3″ _builder_version=”4.16″ _module_preset=”default” global_colors_info=”{}”][et_pb_text _builder_version=”4.20.4″ _module_preset=”default” header_2_font=”|800|||||||” global_colors_info=”{}”]<\/p>\n<h2>Fr\u00e5n 2021<\/h2>\n<p>[\/et_pb_text][et_pb_text _builder_version=”4.20.4″ _module_preset=”default” global_colors_info=”{}”]<\/p>\n<p>Sommaren 2021 st\u00e5r levande i v\u00e5ra minnen: \u00f6ver 30 teammedlemmar arbetade outtr\u00f6ttligt i en enkel verkstad, svetten rann nerf\u00f6r pannan. Fr\u00e5n \u00e5ngesten \u00f6ver upprepad fels\u00f6kning f\u00f6r v\u00e5r f\u00f6rsta produktomg\u00e5ng mitt i tekniska flaskhalsar, till gl\u00e4djet\u00e5rarna som delade hela teamet n\u00e4r v\u00e5r f\u00f6rsta utrustning exporterades; fr\u00e5n att avf\u00e4rdas som en \"liten verkstad\" till att f\u00e5 internationella kunders ber\u00f6m f\u00f6r att \"v\u00e4nda den h\u00e5rdaste jorden\" \u2013 denna resa \u00e4r pr\u00e4glad av v\u00e5r besatthet av teknisk innovation.<\/p>\n<p>[\/et_pb_text][\/et_pb_column][et_pb_column type=”1_3″ _builder_version=”4.16″ _module_preset=”default” global_colors_info=”{}”][et_pb_text _builder_version=”4.20.4″ _module_preset=”default” header_2_font=”|800|||||||” global_colors_info=”{}”]<\/p>\n<h2>Nu<\/h2>\n<p>[\/et_pb_text][et_pb_text _builder_version=”4.27.4″ _module_preset=”default” hover_enabled=”0″ global_colors_info=”{}” sticky_enabled=”0″]<\/p>\n<p>Under de senaste fem \u00e5ren har vi utvecklats fr\u00e5n en nykomling i branschen till en gr\u00e4ns\u00f6verskridande pionj\u00e4r, full av vitalitet och momentum. Det som b\u00f6rjade som en blygsam verkstad p\u00e5 2 000 kvadratmeter n\u00e4r vi grundades 2021 har nu f\u00f6rvandlats till en modern intelligent produktionslinje p\u00e5 32 000 kvadratmeter. V\u00e5r \u00e5rliga produktion har \u00f6kat fr\u00e5n 100 enheter till 2 000, och v\u00e5rt f\u00f6rs\u00e4ljningsn\u00e4tverk har expanderat bortom de inhemska gr\u00e4nserna till att omfatta de stora marknaderna i Mongoliet, Ryssland och Vitryssland. Bakom var och en av dessa milstolpar ligger v\u00e5rt teams orubbliga uth\u00e5llighet \u2013 och det ov\u00e4rderliga st\u00f6det fr\u00e5n v\u00e5ra partners, som har \"seglat med oss \u200b\u200bi v\u00e5tt och torrt\".<\/p>\n<p>[\/et_pb_text][\/et_pb_column][et_pb_column type=”1_3″ _builder_version=”4.16″ _module_preset=”default” global_colors_info=”{}”][et_pb_text _builder_version=”4.20.4″ _module_preset=”default” header_2_font=”|800|||||||” global_colors_info=”{}”]<\/p>\n<h2>Framtida<\/h2>\n<p>[\/et_pb_text][et_pb_text _builder_version=”4.20.4″ _module_preset=”default” global_colors_info=”{}”]<\/p>\n<p>Vi f\u00f6ljer alltid serviceprincipen att \"b\u00f6rja med kundens behov och sluta med kundn\u00f6jdhet\". Med lean production som k\u00e4rna driver vi kontinuerligt den intelligenta uppgraderingen av jordbruksmaskiner f\u00f6r animalieproduktion. Vi str\u00e4var efter att bli ett ledande f\u00f6retag inom Kinas jordbruksutrustningsindustri och leverera kostnadseffektiva l\u00f6sningar till kunder \u00f6ver hela v\u00e4rlden.<\/p>\n<p>[\/et_pb_text][\/et_pb_column][\/et_pb_row][\/et_pb_section][et_pb_section fb_built=”1″ admin_label=”About” _builder_version=”4.16″ _module_preset=”default” locked=”off” global_colors_info=”{}”][et_pb_row column_structure=”2_5,3_5″ _builder_version=”4.16″ _module_preset=”default” custom_padding=”||40px||false|false” border_color_all=”#000000″ border_width_bottom=”4px” global_colors_info=”{}”][et_pb_column type=”2_5″ _builder_version=”4.16″ _module_preset=”default” global_colors_info=”{}”][et_pb_text _builder_version=”4.20.4″ _module_preset=”3a5fa9a7-7987-4564-89a5-37b87a5b6ad8″ header_font=”||||||||” header_2_font=”|800|||||||” header_2_text_color=”#000000″ header_2_font_size=”50px” header_3_text_color=”#000000″ header_3_font_size=”30px” header_3_line_height=”1.4em” custom_margin=”||20px||false|false” header_3_font_size_tablet=”20px” header_3_font_size_phone=”16px” header_3_font_size_last_edited=”on|phone” locked=”off” global_colors_info=”{}”]<\/p>\n<h2>V\u00e5rt team<\/h2>\n<p>[\/et_pb_text][et_pb_image src=”https:\/\/straw-balers.com\/wp-content\/uploads\/2025\/11\/about-us1.webp” alt=”about us1″ title_text=”about us1″ _builder_version=”4.20.4″ _module_preset=”default” global_colors_info=”{}”][\/et_pb_image][et_pb_text _builder_version=”4.20.4″ _module_preset=”16a54059-cc81-4572-9c70-eda6a6c419bf” text_font=”Montserrat|500|||||||” text_text_color=”#000000″ text_font_size=”16px” text_line_height=”1.8em” link_font=”||||on||||” link_text_color=”#000000″ ul_line_height=”2em” text_font_size_tablet=”15px” text_font_size_phone=”13px” text_font_size_last_edited=”on|phone” header_font_size_tablet=”55px” header_font_size_last_edited=”off|desktop” locked=”off” global_colors_info=”{}”]<\/p>\n<p>V\u00e5rt team best\u00e5r av ingenj\u00f6rer, lantbrukare och servicetekniker som f\u00f6rst\u00e5r de dagliga utmaningarna med hantering av restprodukter efter sk\u00f6rd \u2013 inte fr\u00e5n broschyrer, utan fr\u00e5n att arbeta tillsammans med odlare.<\/p>\n<p>[\/et_pb_text][\/et_pb_column][et_pb_column type=”3_5″ _builder_version=”4.16″ _module_preset=”default” global_colors_info=”{}”][et_pb_image src=”https:\/\/straw-balers.com\/wp-content\/uploads\/2025\/11\/about-us.webp” alt=”about us” title_text=”about us” _builder_version=”4.20.4″ _module_preset=”default” locked=”off” global_colors_info=”{}”][\/et_pb_image][et_pb_text _builder_version=”4.20.4″ _module_preset=”16a54059-cc81-4572-9c70-eda6a6c419bf” text_font=”Montserrat|500|||||||” text_text_color=”#000000″ text_font_size=”16px” text_line_height=”1.8em” link_font=”||||on||||” link_text_color=”#000000″ ul_line_height=”2em” text_font_size_tablet=”15px” text_font_size_phone=”13px” text_font_size_last_edited=”on|phone” header_font_size_tablet=”55px” header_font_size_last_edited=”off|desktop” locked=”off” global_colors_info=”{}”]<\/p>\n<p>Vi grundade det h\u00e4r f\u00f6retaget eftersom vi s\u00e5g ett st\u00e4ndigt behov: en p\u00e5litlig och enkel halmpress f\u00f6r jordbruksutrustning som fungerar s\u00e4song efter s\u00e4song utan on\u00f6dig komplexitet. Alltf\u00f6r m\u00e5nga g\u00e5rdar satt fast med att v\u00e4lja mellan \u00f6verprissatta maskiner eller underbyggda modeller som gick s\u00f6nder under toppperioder. Vi best\u00e4mde oss f\u00f6r att erbjuda ett tredje alternativ \u2013 maskiner som balanserar h\u00e5llbarhet, anv\u00e4ndarv\u00e4nlighet och rimlig kostnad.<\/p>\n<p>[\/et_pb_text][\/et_pb_column][\/et_pb_row][\/et_pb_section][et_pb_section fb_built=”1″ admin_label=”Footer” _builder_version=”4.16″ _module_preset=”default” saved_tabs=”all” locked=”off” global_colors_info=”{}”][et_pb_row column_structure=”1_2,1_2″ _builder_version=”4.16″ _module_preset=”default” background_color=”gcid-d116008b-ce49-46ea-9433-049c9562a0bc” custom_margin=”||30px||false|false” custom_padding=”60px||0px||false|false” global_colors_info=”{%22gcid-d116008b-ce49-46ea-9433-049c9562a0bc%22:%91%22background_color%22%93}”][et_pb_column type=”1_2″ _builder_version=”4.16″ _module_preset=”default” global_colors_info=”{}”][et_pb_image src=”https:\/\/straw-balers.com\/wp-content\/uploads\/2025\/11\/about-us-9YG-1.webp” alt=”about us-9YG-1.0C” title_text=”about us-9YG-1.0C” _builder_version=”4.20.4″ _module_preset=”default” global_colors_info=”{}”][\/et_pb_image][\/et_pb_column][et_pb_column type=”1_2″ _builder_version=”4.16″ _module_preset=”default” custom_padding=”|70px|70px||false|false” custom_padding_tablet=”|30px|30px|30px|false|true” custom_padding_phone=”0px|20px||20px|false|true” custom_padding_last_edited=”on|tablet” global_colors_info=”{}”][et_pb_text _builder_version=”4.20.4″ _module_preset=”4deaa1a6-d0cd-49d0-ada3-8dc22addd086″ header_4_font=”Montserrat|700|||||||” header_4_font_size=”16px” header_4_line_height=”1.5em” custom_margin=”||0px||false|false” header_4_font_size_tablet=”” header_4_font_size_phone=”12px” header_4_font_size_last_edited=”on|phone” locked=”off” global_colors_info=”{}”]<\/p>\n<h4>Varje halmpress vi producerar genomg\u00e5r verkliga tester\u2014<\/h4>\n<p>[\/et_pb_text][et_pb_text _builder_version=”4.20.4″ _module_preset=”32021f09-dd67-47fb-8f9a-832b72a38baf” header_2_font=”Montserrat|700|||||||” header_2_text_color=”#000000″ header_2_font_size=”50px” header_2_line_height=”1.2em” custom_margin=”||0px||false|false” header_2_font_size_tablet=”32px” header_2_font_size_phone=”18px” header_2_font_size_last_edited=”on|tablet” locked=”off” global_colors_info=”{}”]<\/p>\n<h2>p\u00e5 vete-, risf\u00e4lt och bomullsf\u00e4lt \u2013<\/h2>\n<p>[\/et_pb_text][et_pb_text _builder_version=”4.20.4″ _module_preset=”aec0be99-8a53-4f75-abf2-64f29a8b4cc2″ text_font=”Montserrat||||||||” text_text_color=”#000000″ text_font_size=”20px” text_font_size_tablet=”16px” text_font_size_phone=”13px” text_font_size_last_edited=”on|tablet” global_colors_info=”{}”]<\/p>\n<p>eftersom prestanda helt enkelt inte kan simuleras.<\/p>\n<p>[\/et_pb_text][et_pb_button button_url=”https:\/\/straw-balers.com\/contact-us” button_text=”Contact us” _builder_version=”4.20.4″ _module_preset=”a93bd5f4-85ca-4af8-aab9-5954042d5969″ custom_button=”on” button_text_size=”16px” button_text_color=”#FFFFFF” button_bg_color=”#000000″ button_border_width=”0px” button_border_radius=”0px” button_letter_spacing=”2px” button_font=”Montserrat|600||on|||||” custom_padding=”15px|30px|15px|30px|true|true” custom_padding_tablet=”13px|25px|13px|25px|true|true” custom_padding_phone=”10px|20px|10px|20px|true|true” custom_padding_last_edited=”on|phone” button_text_size_tablet=”15px” button_text_size_phone=”14px” button_text_size_last_edited=”on|phone” locked=”off” global_colors_info=”{}” button_bg_color__hover_enabled=”on|hover” button_bg_color__hover=”#383838″ button_bg_enable_color__hover=”on”][\/et_pb_button][\/et_pb_column][\/et_pb_row][et_pb_row _builder_version=”4.20.4″ _module_preset=”default” global_colors_info=”{}”][et_pb_column type=”4_4″ _builder_version=”4.20.4″ _module_preset=”default” global_colors_info=”{}”][et_pb_text _builder_version=”4.20.4″ _module_preset=”default” header_2_font=”|800|||||||” header_2_text_align=”center” header_2_font_size=”50px” global_colors_info=”{}”]<\/p>\n<h2 data-spm-anchor-id=\"5176.28103460.0.i171.bc984fa5rlZb1k\">Certifieringar och patent<\/h2>\n<p>[\/et_pb_text][\/et_pb_column][\/et_pb_row][et_pb_row column_structure=”1_2,1_2″ _builder_version=”4.20.4″ _module_preset=”default” width=”100%” max_width=”100%” global_colors_info=”{}”][et_pb_column type=”1_2″ _builder_version=”4.20.4″ _module_preset=”default” global_colors_info=”{}”][et_pb_image src=”https:\/\/straw-balers.com\/wp-content\/uploads\/2025\/11\/certificates.webp” alt=”certificates” title_text=”certificates” _builder_version=”4.20.4″ _module_preset=”default” global_colors_info=”{}”][\/et_pb_image][\/et_pb_column][et_pb_column type=”1_2″ _builder_version=”4.20.4″ _module_preset=”default” global_colors_info=”{}”][et_pb_text _builder_version=”4.20.4″ _module_preset=”default” header_3_font=”|800|||||||” header_3_text_align=”left” header_3_font_size=”26px” width=”80%” module_alignment=”center” global_colors_info=”{}”]<\/p>\n<h3>Alla produkter uppfyller internationella s\u00e4kerhets- och kvalitetsstandarder:<\/h3>\n<p>[\/et_pb_text][et_pb_blurb use_icon=”on” font_icon=”&#x52;||divi||400″ icon_placement=”left” _builder_version=”4.20.4″ _module_preset=”default” global_colors_info=”{}”]<\/p>\n<article class=\"4ever-article\"><span data-type=\"text\">ISO9001 Kvalitet <\/span><span data-type=\"text\">Certifiering av ledningssystem<\/span><\/article>\n<p>[\/et_pb_blurb][et_pb_blurb use_icon=”on” font_icon=”&#x52;||divi||400″ icon_placement=”left” _builder_version=”4.20.4″ _module_preset=”default” locked=”off” global_colors_info=”{}”]<\/p>\n<article class=\"4ever-article\">\n<article class=\"4ever-article\">\n<article class=\"4ever-article\"><span data-type=\"text\">Grad A-certifiering f\u00f6r integration av informatisering och industrialisering<\/span><\/article>\n<\/article>\n<\/article>\n<p>[\/et_pb_blurb][et_pb_blurb use_icon=”on” font_icon=”&#x52;||divi||400″ icon_placement=”left” _builder_version=”4.20.4″ _module_preset=”default” locked=”off” global_colors_info=”{}”]<\/p>\n<article class=\"4ever-article\">\n<article class=\"4ever-article\"><span data-type=\"text\">SGS-verifierad tillverkare<\/span><\/article>\n<\/article>\n<p>[\/et_pb_blurb][\/et_pb_column][\/et_pb_row][et_pb_row column_structure=”1_6,1_6,1_6,1_6,1_6,1_6″ _builder_version=”4.20.4″ _module_preset=”default” width=”100%” max_width=”100%” global_colors_info=”{}”][et_pb_column type=”1_6″ _builder_version=”4.20.4″ _module_preset=”default” global_colors_info=”{}”][et_pb_text _builder_version=”4.20.4″ _module_preset=”default” text_font=”|800|||||||” text_text_color=”#000000″ text_font_size=”25px” text_orientation=”center” global_colors_info=”{}”]<\/p>\n<p>2021<\/p>\n<p>[\/et_pb_text][et_pb_divider color=”#000000″ divider_weight=”5px” _builder_version=”4.20.4″ _module_preset=”default” width=”100%” global_colors_info=”{}”][\/et_pb_divider][et_pb_text _builder_version=”4.20.4″ _module_preset=”default” global_colors_info=”{}”]<\/p>\n<ul>\n<li>I juli b\u00f6rjade den f\u00f6rsta omg\u00e5ngen produkter, inklusive gr\u00e4sklippare, str\u00e4ngl\u00e4ggare och balpressar, officiellt tillverkas.<\/li>\n<li>I november godk\u00e4nde f\u00f6retaget <strong>ISO9001<\/strong> Internationellt kvalitetsledningssystemcertifiering.<\/li>\n<\/ul>\n<p>[\/et_pb_text][\/et_pb_column][et_pb_column type=”1_6″ _builder_version=”4.20.4″ _module_preset=”default” global_colors_info=”{}”][et_pb_text _builder_version=”4.20.4″ _module_preset=”default” text_font=”|800|||||||” text_text_color=”#000000″ text_font_size=”25px” text_orientation=”center” locked=”off” global_colors_info=”{}”]<\/p>\n<p>2022<\/p>\n<p>[\/et_pb_text][et_pb_divider color=”#000000″ divider_weight=”5px” _builder_version=”4.20.4″ _module_preset=”default” locked=”off” global_colors_info=”{}”][\/et_pb_divider][et_pb_text _builder_version=”4.20.4″ _module_preset=”default” global_colors_info=”{}”]<\/p>\n<ul>\n<li>I mars godk\u00e4ndes produkterna i 9YG-2.24-rundbalspressserien av jordbruksmaskiner genom test och bed\u00f6mning.<br \/>Certifikat och inkluderades i den nationella katalogen f\u00f6r ink\u00f6psst\u00f6d f\u00f6r jordbruksmaskiner.<\/li>\n<li>I juli k\u00f6pte f\u00f6retaget PDM-systemet (Product Data Management) f\u00f6r att bygga en k\u00e4rna f\u00f6r hela livscykeln<br \/>hantering av FoU-data.<\/li>\n<\/ul>\n<p>[\/et_pb_text][\/et_pb_column][et_pb_column type=”1_6″ _builder_version=”4.20.4″ _module_preset=”default” global_colors_info=”{}”][et_pb_text _builder_version=”4.20.4″ _module_preset=”default” text_font=”|800|||||||” text_text_color=”#000000″ text_font_size=”25px” text_orientation=”center” locked=”off” global_colors_info=”{}”]<\/p>\n<p>2023<\/p>\n<p>[\/et_pb_text][et_pb_divider color=”#000000″ divider_weight=”5px” _builder_version=”4.20.4″ _module_preset=”default” locked=”off” global_colors_info=”{}”][\/et_pb_divider][et_pb_text _builder_version=”4.20.4″ _module_preset=”default” global_colors_info=”{}”]<\/p>\n<ul>\n<li>I augusti togs den moderna produktionslinjen f\u00f6r djurh\u00e5llningsmaskiner med en \u00e5rlig produktion p\u00e5 2 000 upps\u00e4ttningar i bruk.<br \/>\u00e5terupptas i normal produktion och drift. F\u00f6retaget erk\u00e4ndes som ett \u201dnationellt h\u00f6gteknologiskt f\u00f6retag\u201d.<\/li>\n<li>I oktober identifierades f\u00f6retaget som ett teknikbaserat litet eller medelstort f\u00f6retag i den autonoma regionen Inre Mongoliet.<br \/>F\u00f6retagets rundbalpress erh\u00f6ll \"Eurasiska ekonomiska unionens \u00f6verensst\u00e4mmelsecertifikat\" i Ryssland.<\/li>\n<\/ul>\n<p>[\/et_pb_text][\/et_pb_column][et_pb_column type=”1_6″ _builder_version=”4.20.4″ _module_preset=”default” global_colors_info=”{}”][et_pb_text _builder_version=”4.20.4″ _module_preset=”default” text_font=”|800|||||||” text_text_color=”#000000″ text_font_size=”25px” text_orientation=”center” locked=”off” global_colors_info=”{}”]<\/p>\n<p>2024<\/p>\n<p>[\/et_pb_text][et_pb_divider color=”#000000″ divider_weight=”5px” _builder_version=”4.20.4″ _module_preset=”default” locked=”off” global_colors_info=”{}”][\/et_pb_divider][et_pb_text _builder_version=”4.20.4″ _module_preset=”default” global_colors_info=”{}”]<\/p>\n<ul>\n<li>I maj exporterade f\u00f6retaget den f\u00f6rsta produkten till Ryssland.<\/li>\n<li>I december rankades f\u00f6rs\u00e4ljningsvolymen f\u00f6r f\u00f6retagets rundbalpressar som nummer ett i Kina.<\/li>\n<\/ul>\n<p>[\/et_pb_text][\/et_pb_column][et_pb_column type=”1_6″ _builder_version=”4.20.4″ _module_preset=”default” global_colors_info=”{}”][et_pb_text _builder_version=”4.20.4″ _module_preset=”default” text_font=”|800|||||||” text_text_color=”#000000″ text_font_size=”25px” text_orientation=”center” locked=”off” global_colors_info=”{}”]<\/p>\n<p>2025<\/p>\n<p>[\/et_pb_text][et_pb_divider color=”#000000″ divider_weight=”5px” _builder_version=”4.20.4″ _module_preset=”default” locked=”off” global_colors_info=”{}”][\/et_pb_divider][et_pb_text _builder_version=”4.20.4″ _module_preset=”default” global_colors_info=”{}”]<\/p>\n<ul>\n<li>I oktober tilldelades f\u00f6retaget hederstiteln \u201dSpecialiserat, F\u00f6rfinat, Unikt och Innovativt\u201d \u2013 Sm\u00e5 och medelstora f\u00f6retag \u00e5r 2025.<\/li>\n<\/ul>\n<p>[\/et_pb_text][\/et_pb_column][et_pb_column type=”1_6″ _builder_version=”4.20.4″ _module_preset=”default” global_colors_info=”{}”][et_pb_text _builder_version=”4.20.4″ _module_preset=”default” text_font=”|800|||||||” text_text_color=”#000000″ text_font_size=”25px” text_orientation=”center” locked=”off” global_colors_info=”{}”]<\/p>\n<p>FRAMTIDA<\/p>\n<p>[\/et_pb_text][et_pb_divider color=”#000000″ divider_weight=”5px” _builder_version=”4.20.4″ _module_preset=”default” locked=”off” global_colors_info=”{}”][\/et_pb_divider][et_pb_text _builder_version=”4.20.4″ _module_preset=”default” text_font=”|800|||||||” global_colors_info=”{}”]<\/p>\n<ul>\n<li>Ser fram emot v\u00e5r framtr\u00e4dande<\/li>\n<\/ul>\n<p>[\/et_pb_text][\/et_pb_column][\/et_pb_row][\/et_pb_section]<\/p>","protected":false},"excerpt":{"rendered":"<p>About usA professional team engaged in agricultural straw balers.Focused on Practical Straw Baler SolutionsWe are a dedicated straw baler manufacturer with years of hands-on experience in agricultural machinery design and field support.\u00a0OUR HISTORYFrom 2021The summer of 2021 remains vivid in our memories: over 30 team members working relentlessly in a simple workshop, sweat pouring down [&hellip;]<\/p>","protected":false},"author":1,"featured_media":0,"parent":0,"menu_order":0,"comment_status":"closed","ping_status":"closed","template":"","meta":{"_et_pb_use_builder":"on","_et_pb_old_content":"","_et_gb_content_width":"","footnotes":""},"class_list":["post-114","page","type-page","status-publish","hentry"],"_links":{"self":[{"href":"https:\/\/straw-balers.com\/sv\/wp-json\/wp\/v2\/pages\/114","targetHints":{"allow":["GET"]}}],"collection":[{"href":"https:\/\/straw-balers.com\/sv\/wp-json\/wp\/v2\/pages"}],"about":[{"href":"https:\/\/straw-balers.com\/sv\/wp-json\/wp\/v2\/types\/page"}],"author":[{"embeddable":true,"href":"https:\/\/straw-balers.com\/sv\/wp-json\/wp\/v2\/users\/1"}],"replies":[{"embeddable":true,"href":"https:\/\/straw-balers.com\/sv\/wp-json\/wp\/v2\/comments?post=114"}],"version-history":[{"count":3,"href":"https:\/\/straw-balers.com\/sv\/wp-json\/wp\/v2\/pages\/114\/revisions"}],"predecessor-version":[{"id":184,"href":"https:\/\/straw-balers.com\/sv\/wp-json\/wp\/v2\/pages\/114\/revisions\/184"}],"wp:attachment":[{"href":"https:\/\/straw-balers.com\/sv\/wp-json\/wp\/v2\/media?parent=114"}],"curies":[{"name":"wp","href":"https:\/\/api.w.org\/{rel}","templated":true}]}}