{"id":316,"date":"2026-01-06T03:48:06","date_gmt":"2026-01-06T03:48:06","guid":{"rendered":"https:\/\/straw-balers.com\/?post_type=product&#038;p=316"},"modified":"2026-01-06T03:48:06","modified_gmt":"2026-01-06T03:48:06","slug":"ep-9gl-2-5-2-9-traktorklippare-grasklippare","status":"publish","type":"product","link":"https:\/\/straw-balers.com\/sv\/produkt\/ep-9gl-2-5-2-9-traktorklippare-grasklippare\/","title":{"rendered":"EP-9GL-2.5\/2.9 Traktorklippare med gr\u00e4sklippare"},"content":{"rendered":"<h2>1. Tekniska specifikationer: EP-9GL-2.5\/2.9-serien<\/h2>\n<table style=\"width: 100%; border-collapse: collapse; text-align: left;\" border=\"1\" cellspacing=\"0\" cellpadding=\"10\">\n<thead style=\"background-color: #2c3e50; color: white;\">\n<tr>\n<th>Artikelnummer \/ Parameter<\/th>\n<th>Enhet<\/th>\n<th>Specifikation<\/th>\n<\/tr>\n<\/thead>\n<tbody>\n<tr>\n<td><strong>Modellnamn<\/strong><\/td>\n<td>\/<\/td>\n<td>EP-9GL-2.5\/2.9 bogserad gr\u00e4sklippare<\/td>\n<\/tr>\n<tr>\n<td><strong>Hitch-metoden<\/strong><\/td>\n<td>\/<\/td>\n<td>Bogserad<\/td>\n<\/tr>\n<tr>\n<td><strong>Typ av sk\u00e4rstruktur<\/strong><\/td>\n<td>\/<\/td>\n<td>Fram- och \u00e5terg\u00e5ende<\/td>\n<\/tr>\n<tr>\n<td><strong>Sk\u00e4rbredd<\/strong><\/td>\n<td>m<\/td>\n<td>2.5<\/td>\n<\/tr>\n<tr>\n<td><strong>Maskinbredd<\/strong><\/td>\n<td>m<\/td>\n<td>2.9<\/td>\n<\/tr>\n<tr>\n<td><strong>Arbetshastighetsomr\u00e5de<\/strong><\/td>\n<td>km\/h<\/td>\n<td>1.2 – 4.4<\/td>\n<\/tr>\n<tr>\n<td><strong>Produktivitet<\/strong><\/td>\n<td>hm\u00b2\/h<\/td>\n<td>Sk\u00e4rning: 1,5 \u2013 2,8, Bogsering: 1,5 \u2013 2,8<\/td>\n<\/tr>\n<tr>\n<td><strong>Genomsnittlig sk\u00e4rh\u00f6jd<\/strong><\/td>\n<td>mm<\/td>\n<td>60 – 80<\/td>\n<\/tr>\n<tr>\n<td><strong>Matchad kraft<\/strong><\/td>\n<td>kW<\/td>\n<td>25 – 55<\/td>\n<\/tr>\n<tr>\n<td><strong>Kraftuttagsaxelns hastighet<\/strong><\/td>\n<td>varv\/min<\/td>\n<td>540<\/td>\n<\/tr>\n<tr>\n<td><strong>Maskinvikt<\/strong><\/td>\n<td>kg<\/td>\n<td>920<\/td>\n<\/tr>\n<tr>\n<td><strong>Antal kontakter<\/strong><\/td>\n<td>bitar<\/td>\n<td>34<\/td>\n<\/tr>\n<tr>\n<td><strong>Anslutningsavst\u00e5nd<\/strong><\/td>\n<td>mm<\/td>\n<td>71<\/td>\n<\/tr>\n<tr>\n<td><strong>Maskinens m\u00e5tt<\/strong><\/td>\n<td>mm<\/td>\n<td>L\u00e4ngd \u00d7 Bredd \u00d7 H\u00f6jd<\/td>\n<\/tr>\n<tr>\n<td><strong>Transportl\u00e4ge<\/strong><\/td>\n<td>mm<\/td>\n<td>3100 \u00d7 2920 \u00d7 2900<\/td>\n<\/tr>\n<tr>\n<td><strong>Arbetsl\u00e4ge<\/strong><\/td>\n<td>mm<\/td>\n<td>3100 \u00d7 5000 \u00d7 950<\/td>\n<\/tr>\n<\/tbody>\n<\/table>\n<p><img loading=\"lazy\" decoding=\"async\" class=\"aligncenter wp-image-317 size-full\" src=\"https:\/\/straw-balers.com\/wp-content\/uploads\/2026\/01\/straw-balers-EP-9GL-2.52.9-Tractor-Mowered-Lawn-Mower-draft.webp\" alt=\"halmpressar-EP-9GL-2.52.9 Traktorklippare Gr\u00e4sklippare-utkast\" width=\"1200\" height=\"500\" title=\"\" srcset=\"https:\/\/straw-balers.com\/wp-content\/uploads\/2026\/01\/straw-balers-EP-9GL-2.52.9-Tractor-Mowered-Lawn-Mower-draft.webp 1200w, https:\/\/straw-balers.com\/wp-content\/uploads\/2026\/01\/straw-balers-EP-9GL-2.52.9-Tractor-Mowered-Lawn-Mower-draft-980x408.webp 980w, https:\/\/straw-balers.com\/wp-content\/uploads\/2026\/01\/straw-balers-EP-9GL-2.52.9-Tractor-Mowered-Lawn-Mower-draft-480x200.webp 480w\" sizes=\"(min-width: 0px) and (max-width: 480px) 480px, (min-width: 481px) and (max-width: 980px) 980px, (min-width: 981px) 1200px, 100vw\" \/><\/p>\n<h2>2. Revolutionerande betesmarkshantering: 9GL-2.5\/2.9 traktordriven gr\u00e4sklippare och str\u00e4ngl\u00e4ggare-kombination<\/h2>\n<p>I det snabbt f\u00f6r\u00e4nderliga landskapet f\u00f6r modernt jordbruk, s\u00e4rskilt inom de intensiva boskapssektorerna i Sydkorea, \u00e4r effektivitet inte bara ett m\u00e5tt \u2013 det \u00e4r l\u00f6nsamhetens livlina. <strong>9GL-2.5\/2.9 Traktorklippare<\/strong> (tekniskt klassificerad som en bogserad sl\u00e5tter- och str\u00e4ngl\u00e4ggarkombination) representerar ett paradigmskifte inom tekniken f\u00f6r fodersk\u00f6rdning. Till skillnad fr\u00e5n standard <em>utf\u00f6rs\u00e4ljning av \u00e5kgr\u00e4sklippare<\/em> Detta kraftiga jordbruksredskap, som man hittar i j\u00e4rnaff\u00e4rer, \u00e4r konstruerat f\u00f6r att utf\u00f6ra tv\u00e5 viktiga uppgifter samtidigt: att sk\u00e4ra gr\u00f6dan och kratta den i hanterbara str\u00e4ngar. Maskinen \u00e4r konstruerad f\u00f6r att dras av hjultraktorer i medelklassen (25\u201355 kW\/35\u201375 hk) och \u00e5tg\u00e4rdar effektivt arbetskraftsbristen som jordbrukare i provinser som Jeollanam-do och Gyeongsangbuk-do st\u00e5r inf\u00f6r. Genom att integrera sk\u00e4r- och krattaprocesserna kan jordbrukare minska jordpackningen genom att minimera antalet traktorpassager som kr\u00e4vs p\u00e5 f\u00e4ltet, samtidigt som br\u00e4nslef\u00f6rbrukningen per hektar avsev\u00e4rt s\u00e4nks. Detta <em>traktordriven gr\u00e4sklippare till salu<\/em> \u00e4r inte bara ett verktyg; det \u00e4r en strategisk tillg\u00e5ng f\u00f6r att optimera sk\u00f6rden av alfalfa, rajgr\u00e4s och inhemska betesmarker.<\/p>\n<p>9GL-2.5\/2.9:s strukturella integritet bygger p\u00e5 robust ingenj\u00f6rskonst och praktisk design. Den anv\u00e4nder en fram- och \u00e5terg\u00e5ende sk\u00e4rmekanism i kombination med ett specialiserat kratningssystem, allt st\u00f6dt av slitstarka gummid\u00e4ck som s\u00e4kerst\u00e4ller stabilitet p\u00e5 b\u00e5de plan och l\u00e4tt kuperad terr\u00e4ng. Medan m\u00e5nga anv\u00e4ndare s\u00f6ker efter en <em>b\u00e4sta traktordrivna gr\u00e4sklipparen<\/em> F\u00f6r sina tr\u00e4dg\u00e5rdar \u00e4r 9GL-serien ett industriellt monster som kan hantera hektar t\u00e4t vegetation. Maskinen har ett hydrauliskt lyftsystem f\u00f6r b\u00e5de sl\u00e5tterbalken och str\u00e4ngl\u00e4ggaren, vilket g\u00f6r att f\u00f6raren smidigt kan v\u00e4xla mellan arbets- och transportl\u00e4gen fr\u00e5n bekv\u00e4mligheten av traktorhytten. Detta \u00e4r en avg\u00f6rande funktion f\u00f6r koreanska jordbrukare som ofta beh\u00f6ver navigera smala landsbygdsv\u00e4gar mellan spridda tomter. Genom att leverera en j\u00e4mn stubbh\u00f6jd p\u00e5 60-70 mm s\u00e4kerst\u00e4ller 9GL-2.5\/2.9 snabb \u00e5terv\u00e4xt av gr\u00f6dan, vilket maximerar avkastningen av efterf\u00f6ljande snitt under en enda s\u00e4song.<\/p>\n<h2>3. Teknisk precision: Arbetsprincip, Materialvetenskap<\/h2>\n<p>Hj\u00e4rtat i 9GL-2.5\/2.9 ligger i dess synkroniserade dubbelverkande mekanism. Kraften kommer fr\u00e5n traktorns bakre kraftuttagsaxel (Power Take-Off), som arbetar med ett standardvarvtal p\u00e5 540 r\/min. Denna rotationsenergi \u00f6verf\u00f6rs genom en kraftig v\u00e4xell\u00e5da och remdrift f\u00f6r att driva den fram- och \u00e5terg\u00e5ende knivbalken. N\u00e4r maskinen r\u00f6r sig fram\u00e5t med en arbetshastighet p\u00e5 6 till 7 km\/h, klippar de 34 rakbladsvassa knivarna gr\u00e4set rent. Samtidigt samlar den bakmonterade r\u00e4fsmekanismen, utrustad med 42 h\u00f6gh\u00e5llfasta st\u00e5lpinnar, det skurna fodret till en snygg, luftig str\u00e4ng. Denna omedelbara r\u00e4fsnings\u00e5tg\u00e4rd \u00e4r avg\u00f6rande f\u00f6r \"h\u00f6 p\u00e5 en dag\"-strategier, eftersom den exponerar de skurna stj\u00e4lkarna f\u00f6r luft och solljus snabbare \u00e4n med traditionella metoder. Chassit \u00e4r konstruerat av Q345B konstruktionsst\u00e5l, vilket ger \u00f6verl\u00e4gsen motst\u00e5ndskraft mot de vibrationsp\u00e5frestningar som uppst\u00e5r i jordbruksmilj\u00f6er. Pinnarna \u00e4r v\u00e4rmebehandlade f\u00f6r att motst\u00e5 b\u00f6jning och brott, vilket s\u00e4kerst\u00e4ller l\u00e5ng livsl\u00e4ngd \u00e4ven vid hantering av tunga, v\u00e5ta gr\u00f6dor som ofta f\u00f6rekommer under den koreanska regnperioden.<\/p>\n<h3><span style=\"font-size: 26px;\">4. Globala standarder och efterlevnad av koreanska jordbruksf\u00f6reskrifter<\/span><\/h3>\n<p>Att navigera i den komplexa regelmilj\u00f6n f\u00f6r jordbruksmaskiner \u00e4r avg\u00f6rande f\u00f6r smidig import och drift. 9GL-2.5\/2.9 tillverkas i strikt \u00f6verensst\u00e4mmelse med den kinesiska nationella standarden. <strong>GB\/T 10940-2008<\/strong> (Till- och \u00e5terg\u00e5ende gr\u00e4sklippare), vilket i h\u00f6g grad harmoniserar med internationella ISO-s\u00e4kerhetsstandarder. F\u00f6r v\u00e5ra v\u00e4rdefulla kunder i Sydkorea s\u00e4kerst\u00e4ller vi att v\u00e5r utrustning uppfyller de s\u00e4kerhets- och prestandakriterier som anges av <strong>Lagen om fr\u00e4mjande av jordbruksmekanisering<\/strong>Detta inkluderar efterlevnad av testprotokoll som fastst\u00e4llts av **Korea Agricultural Technology Promotion Agency (KOAT)** och **Foundation of Agri. Tech. Commercialization &amp; Transfer (FACT)**. Viktiga funktioner f\u00f6r efterlevnad inkluderar helt sk\u00e4rmade kraftuttagsaxlar f\u00f6r att f\u00f6rhindra intrasslingsolyckor, hydrauliska s\u00e4kerhetsl\u00e5s f\u00f6r transport p\u00e5 allm\u00e4nna v\u00e4gar och tydlig, lokaliserad s\u00e4kerhetsdekal.<\/p>\n<p>Dessutom, i takt med att det globala jordbruket g\u00e5r mot h\u00e5llbarhet, st\u00f6der denna maskin initiativ f\u00f6r \"milj\u00f6v\u00e4nligt jordbruk\". Genom att kombinera tv\u00e5 \u00f6verfarter till ett minskar den avsev\u00e4rt koldioxidavtrycket i samband med sk\u00f6rdearbeten j\u00e4mf\u00f6rt med att k\u00f6ra separata \u00f6verfarter. <em>pris p\u00e5 traktordriven gr\u00e4sklippare<\/em> j\u00e4mf\u00f6relseenheter. I samband med koreanska trafiks\u00e4kerhetslagar \u00e4r maskinens transportbredd (n\u00e4r den \u00e4r hydrauliskt f\u00e4lld) optimerad f\u00f6r att f\u00f6lja lokala trafikregler f\u00f6r f\u00f6rflyttning av jordbruksmaskiner mellan f\u00e4lt. Oavsett om du befinner dig i de vidstr\u00e4ckta f\u00e4lten i Chungcheongnam-do eller de b\u00f6ljande kullarna i Gangwon-do, s\u00e4kerst\u00e4ller anv\u00e4ndningen av 9GL-2.5\/2.9 att du inte bara \u00e4r effektiv utan ocks\u00e5 f\u00f6ljer lokala s\u00e4kerhets- och milj\u00f6standarder. Vi tillhandah\u00e5ller all n\u00f6dv\u00e4ndig teknisk dokumentation, inklusive ursprungsintyg och CE-\u00f6verensst\u00e4mmelsesrapporter (i f\u00f6rekommande fall), f\u00f6r att underl\u00e4tta smidig tullklarering i hamnarna i Incheon eller Busan.<\/p>\n<h2>5. Marknadstrendanalys: \u00d6verg\u00e5ngen till multifunktionell effektivitet<\/h2>\n<p>Den globala marknaden f\u00f6r grovfoder upplever en avg\u00f6rande trend mot \"multifunktionalitet\" och \"arbetskraftsreduktion\". I Sydkorea \u00e5ldras jordbruksdemografin, vilket leder till en allvarlig brist p\u00e5 kvalificerad arbetskraft. Detta har drivit en kraftig \u00f6kning av efterfr\u00e5gan p\u00e5 redskap som kan utf\u00f6ra flera uppgifter i ett enda drag. Gr\u00e4sklipparen 9GL-2.5\/2.9 Traktorklippare passar perfekt in i denna sk\u00e4rningspunkt av efterfr\u00e5gan. Data indikerar att \u00e4ven om s\u00f6kningar efter <em>b\u00e4sta John Deere tr\u00e4dg\u00e5rdstraktor f\u00f6r 1 tunnland<\/em> \u00c4ven om priserna f\u00f6rblir h\u00f6ga f\u00f6r bostadsbruk, r\u00f6r sig den kommersiella sektorn bort fr\u00e5n maskiner med enbart ett \u00e4ndam\u00e5l. Lantbrukare \u00e4r inte l\u00e4ngre intresserade av att k\u00f6pa en separat sl\u00e5ttermaskin och en separat str\u00e4ngl\u00e4ggare om en maskin kan g\u00f6ra b\u00e5da utan att kompromissa med kvaliteten. Denna konsolidering minskar den totala \u00e4gandekostnaden (TCO) genom att s\u00e4nka underh\u00e5llskostnaderna \u2013 du har bara en v\u00e4xell\u00e5da och en upps\u00e4ttning hydraulik att underh\u00e5lla ist\u00e4llet f\u00f6r tv\u00e5. Dessutom, med de stigande kostnaderna f\u00f6r dieselbr\u00e4nsle, blir den br\u00e4nslebesparande aspekten av 9GL-2.5\/2.9 en viktig f\u00f6rs\u00e4ljningsargument. Marknaden skiftar fr\u00e5n \"stora h\u00e4stkrafter\" till \"smart effektivitet\", och denna bogserade sl\u00e5ttermaskin\/str\u00e4ngl\u00e4ggare \u00e4r ett exempel p\u00e5 den f\u00f6r\u00e4ndringen.<\/p>\n<div class=\"btn-container\"><\/div>\n<h2>6. Kundens framg\u00e5ngshistoria:<\/h2>\n<div class=\"highlight-box\"><\/div>\n<blockquote>\n<div class=\"btn-container\">\n<p data-start=\"517\" data-end=\"924\"><strong data-start=\"517\" data-end=\"566\">Kund 1: Jinwoo, ranch\u00e4gare \u2013 Sydkorea<\/strong><br data-start=\"566\" data-end=\"569\" \/><em data-start=\"569\" data-end=\"924\">\u201d9GL-2.5\/2.9 \u00e4r revolutionerande f\u00f6r min mj\u00f6lkg\u00e5rd i Gangwon-do. Den \u00e4r s\u00e5 enkel att anv\u00e4nda, och det hydrauliska lyftsystemet g\u00f6r att jag enkelt kan justera gr\u00e4sklipparen och str\u00e4ngl\u00e4ggaren. F\u00f6rm\u00e5gan att hantera v\u00e5ta f\u00f6rh\u00e5llanden \u00e4r ett stort plus f\u00f6r oss under monsuns\u00e4songen. Vi sparar tid och br\u00e4nsle, och maskinen har fungerat felfritt \u00e4ven p\u00e5 n\u00e5got oj\u00e4mn mark.\u201d<\/em><\/p>\n<hr data-start=\"926\" data-end=\"929\" \/>\n<p data-start=\"931\" data-end=\"1346\"><strong data-start=\"931\" data-end=\"970\">Kund 2: David, Entrepren\u00f6r \u2013 USA<\/strong><br data-start=\"970\" data-end=\"973\" \/><em data-start=\"973\" data-end=\"1346\">\u201dJag har anv\u00e4nt olika gr\u00e4sklippare f\u00f6r kommersiell h\u00f6produktion i mellanv\u00e4stern, och 9GL-2.5\/2.9 sticker ut. Det dubbla klipp- och krattasystemet g\u00f6r att jag kan t\u00e4cka mer mark med f\u00e4rre \u00f6verfarter. Den har varit tillf\u00f6rlitlig p\u00e5 stora f\u00e4lt, och det l\u00e4ttanv\u00e4nda hydrauliska lyftsystemet \u00e4r en extra f\u00f6rdel vid f\u00e4lt\u00f6verg\u00e5ngar. Inga stillest\u00e5ndstid hittills, inte ens med l\u00e5nga driftstimmar!\u201d<\/em><\/p>\n<hr data-start=\"1348\" data-end=\"1351\" \/>\n<p data-start=\"1353\" data-end=\"1698\"><strong data-start=\"1353\" data-end=\"1405\">Kund 3: Miguel, \u00e4gare till boskapsg\u00e5rd \u2013 Spanien<\/strong><br data-start=\"1405\" data-end=\"1408\" \/><em data-start=\"1408\" data-end=\"1698\">\u201d9GL-2.5\/2.9 \u00e4r perfekt f\u00f6r min betesmark. Den klipper och krattar i ett svep, vilket hj\u00e4lper mig att spara tid och minska kompakteringen. Den hanterar v\u00e5r alfalfagr\u00f6da v\u00e4l och bevarar bladen utan att krossa dem. Den robusta konstruktionen och det l\u00e5ga effektbehovet g\u00f6r den perfekt f\u00f6r v\u00e5r g\u00e5rds behov.\u201d<\/em><\/p>\n<\/div>\n<\/blockquote>\n<p data-start=\"1353\" data-end=\"1698\"><img loading=\"lazy\" decoding=\"async\" class=\"aligncenter wp-image-319 size-full\" src=\"https:\/\/straw-balers.com\/wp-content\/uploads\/2026\/01\/straw-balers-EP-9GL-2.52.9-Tractor-Mowered-Lawn-Mower-show.webp\" alt=\"halmpressar-EP-9GL-2.52.9 Traktorklippare med gr\u00e4sklippare-show\" width=\"1200\" height=\"600\" title=\"\" srcset=\"https:\/\/straw-balers.com\/wp-content\/uploads\/2026\/01\/straw-balers-EP-9GL-2.52.9-Tractor-Mowered-Lawn-Mower-show.webp 1200w, https:\/\/straw-balers.com\/wp-content\/uploads\/2026\/01\/straw-balers-EP-9GL-2.52.9-Tractor-Mowered-Lawn-Mower-show-980x490.webp 980w, https:\/\/straw-balers.com\/wp-content\/uploads\/2026\/01\/straw-balers-EP-9GL-2.52.9-Tractor-Mowered-Lawn-Mower-show-480x240.webp 480w\" sizes=\"(min-width: 0px) and (max-width: 480px) 480px, (min-width: 481px) and (max-width: 980px) 980px, (min-width: 981px) 1200px, 100vw\" \/><\/p>\n<h2>7. Utbytbara delar<\/h2>\n<blockquote>\n<h3>7.1 V\u00e4xell\u00e5da:<\/h3>\n<div>Kompatibla modeller: EP-Rundbalpressserien (rundbalpress, utv\u00e4xlingsf\u00f6rh\u00e5llande 1:2, kompatibel med 35 mm 6-splinesaxel).<br \/>\nAnv\u00e4ndningsomr\u00e5de: \u00d6verf\u00f6r kraftuttagskraft till balpressmekanismen, l\u00e4mplig f\u00f6r New Holland 630 eller John Deere 535. Parametrar: Vridmoment &gt; 500 Nm, 20% br\u00e4nslebesparing.<br \/>\nVarf\u00f6r v\u00e4lja denna v\u00e4xell\u00e5da: Anpassningsbar storlek (reducerbar till 250\u2013300 mm), resistent mot visk\u00f6sa f\u00f6roreningar (gummi\u00e5ngor), IP65-skydd.<\/div>\n<div><\/div>\n<div>\n<h3>7.2 Kraft\u00f6verf\u00f6ringsaxel:<\/h3>\n<p>Kompatibla modeller:<a href=\"https:\/\/pto-shaft.net\/\" target=\"_blank\" rel=\"noopener\"> EP-PTO-serien<\/a> (1-3\/8\u2033 Z6-spline, justerbar l\u00e4ngd 600\u20131200 mm).<br \/>\nAnv\u00e4ndningsomr\u00e5de: Ansluter traktorn till balpressens huvuddrivning, l\u00e4mplig f\u00f6r typ 9YG-1.0C. Moment\u00f6verf\u00f6ringseffektivitet &gt;95%, kompatibel med SAE\/EURO-fl\u00e4nsar.<\/p>\n<\/div>\n<\/blockquote>\n<div><\/div>\n<blockquote>\n<h3>7.3 <a href=\"https:\/\/drive-chain.com\/\" target=\"_blank\" rel=\"noopener\">Kedjor<\/a>\u00a0&amp; Kedjehjul:<\/h3>\n<p>Kompatibla modeller: ANSI #50\/#60\u00a0<a href=\"https:\/\/drive-chain.com\/\" target=\"_blank\" rel=\"noopener\">kedjor<\/a>, med EP-drev (stigning 12,7\u201319,05 mm, rulldiameter 10\u201312 mm).<br \/>\nAnv\u00e4ndningsomr\u00e5de: Anv\u00e4nds i transportband eller bindningsmekanismer, l\u00e4mplig f\u00f6r transport av halm i fyrkants-\/rundbalspressar. Bredd 25-40 mm, slitstarkt st\u00e5lmaterial.<\/p><\/blockquote>\n<div><\/div>\n<blockquote>\n<h3>7.4 Kopplingar:<\/h3>\n<div>Kompatibla modeller: EP-koppling 200-serien (momentanpassning 500-1000 Nm).<\/div>\n<div>Anv\u00e4ndning: Ansluter v\u00e4xell\u00e5dan till balpressvalsen, d\u00e4mpar vibrationer.<\/div>\n<\/blockquote>\n<div><\/div>\n<blockquote>\n<h3>7.5 <a href=\"https:\/\/tiltcylinder.com\/\" target=\"_blank\" rel=\"noopener\">Hydraulcylinder<\/a>:<\/h3>\n<div><a href=\"https:\/\/tiltcylinder.com\/\" target=\"_blank\" rel=\"noopener\">Hydraulcylinder:<\/a>\u00a0EP-HC-serien (diameter 50\u2013100 mm, slagl\u00e4ngd 300\u2013600 mm), l\u00e4mplig f\u00f6r ballyftning.<\/div>\n<div>Lager och t\u00e4tningar: 6208-2RS-lager, L10 livsl\u00e4ngd &gt;10000 timmar, dammt\u00e4t t\u00e4tning.<\/div>\n<div>Kompatibilitetstabell: Helt utbytbar med Comer 250T (momentmatchning, endast 35% av priset); fl\u00e4nsen matchar nordamerikanskt 4-bults kraftuttagsm\u00f6nster.<\/div>\n<\/blockquote>\n<div><\/div>\n<div><\/div>\n<div>* Friskrivningsklausul: De andra varum\u00e4rkena som n\u00e4mns ovan anges endast i illustrativt syfte. Vi erbjuder inte originalprodukter eller utrustning med dessa varum\u00e4rken.<\/div>\n<div>* Parametrarna varierar beroende p\u00e5 arbetsf\u00f6rh\u00e5llanden; se de faktiska ritningarna. Det rekommenderas att bekr\u00e4fta gr\u00e4nssnittets dimensioner innan val.<\/div>\n<p><img loading=\"lazy\" decoding=\"async\" class=\"aligncenter wp-image-256 size-full\" src=\"https:\/\/straw-balers.com\/wp-content\/uploads\/2025\/12\/straw-balers-Round-baler-for-replace-components.webp\" sizes=\"(min-width: 0px) and (max-width: 480px) 480px, (min-width: 481px) and (max-width: 980px) 980px, (min-width: 981px) 1200px, 100vw\" srcset=\"https:\/\/straw-balers.com\/wp-content\/uploads\/2025\/12\/straw-balers-Round-baler-for-replace-components.webp 1200w, https:\/\/straw-balers.com\/wp-content\/uploads\/2025\/12\/straw-balers-Round-baler-for-replace-components-980x408.webp 980w, https:\/\/straw-balers.com\/wp-content\/uploads\/2025\/12\/straw-balers-Round-baler-for-replace-components-480x200.webp 480w\" alt=\"halmpressar - rundbalpress - f\u00f6r utbyte av komponenter\" width=\"1200\" height=\"500\" title=\"\"><\/p>\n<h2>Vanliga fr\u00e5gor (FAQ)<\/h2>\n<div class=\"faq-item\">\n<h3><span class=\"faq-q\">F1. Hur underh\u00e5ller jag den fram- och \u00e5terg\u00e5ende knivbalken f\u00f6r att s\u00e4kerst\u00e4lla ett rent snitt?<\/span><\/h3>\n<p class=\"faq-a\">A1. Underh\u00e5llet \u00e4r enkelt: sm\u00f6rj sv\u00e4ngpunkterna dagligen under anv\u00e4ndning, kontrollera knivsektionerna f\u00f6r sk\u00e4rpa och se till att fastsp\u00e4nningskl\u00e4mmorna \u00e4r justerade s\u00e5 att bladen sitter t\u00e4tt mot skydden. Vi tillhandah\u00e5ller en detaljerad manual.<\/p>\n<\/div>\n<div class=\"faq-item\">\n<h3><span class=\"faq-q\">F2. Kan jag anv\u00e4nda den h\u00e4r sl\u00e5tter- och str\u00e4ngl\u00e4ggarkombinationen med min 45 hk LS Mtron-traktor?<\/span><\/h3>\n<p class=\"faq-a\">A2. Ja, absolut. 9GL-2.5\/2.9 \u00e4r konstruerad f\u00f6r att fungera effektivt med traktorer fr\u00e5n 35 till 75 hk. Din 45 hk LS Mtron-traktor har det ideala effektomr\u00e5det f\u00f6r detta redskap.<\/p>\n<\/div>\n<div class=\"faq-item\">\n<h3><span class=\"faq-q\">F3. \u00c4r det skillnad mellan en gr\u00e4sklippare och en tr\u00e4dg\u00e5rdstraktor n\u00e4r man anv\u00e4nder detta redskap?<\/span><\/h3>\n<p class=\"faq-a\">A3. Ja. En \"tr\u00e4dg\u00e5rdstraktor\" syftar vanligtvis p\u00e5 en tr\u00e4dg\u00e5rdsmaskin. 9GL-serien kr\u00e4ver en jordbrukstraktor med bakre kraftuttag och hydrauliska utg\u00e5ngar. Den \u00e4r inte kompatibel med vanliga tr\u00e4dg\u00e5rdstraktorer f\u00f6r bost\u00e4der.<\/p>\n<\/div>\n<div class=\"faq-item\">\n<h3><span class=\"faq-q\">F4. Var kan jag hitta reservblad och str\u00e4ngl\u00e4ggare om de g\u00e5r s\u00f6nder under sk\u00f6rden?<\/span><\/h3>\n<p class=\"faq-a\">A4. Vi levererar ett omfattande reservdelskit med varje maskin.<\/p>\n<\/div>\n<div class=\"faq-item\">\n<h3><span class=\"faq-q\">F5. Hur st\u00e5r sig den h\u00e4r maskinen i j\u00e4mf\u00f6relse med priserna p\u00e5 en John Deere \u00e5kgr\u00e4sklippare f\u00f6r kommersiellt jordbruk?<\/span><\/h3>\n<p class=\"faq-a\">A5. En John Deere \u00e5kgr\u00e4sklippare \u00e4r till f\u00f6r att finjustera gr\u00e4smattor. V\u00e5r 9GL-serie \u00e4r till f\u00f6r att sk\u00f6rda fodergr\u00f6dor. \u00c4ven om v\u00e5rt pris \u00e4r konkurrenskraftigt \u00e4r funktionen helt annorlunda; v\u00e5r genererar int\u00e4kter genom att sk\u00f6rda foder, medan en \u00e5kgr\u00e4sklippare \u00e4r till f\u00f6r underh\u00e5ll.<\/p>\n<\/div>\n<div class=\"faq-item\">\n<h3><span class=\"faq-q\">F6. Kan den h\u00e4r maskinen hantera v\u00e5tt gr\u00e4s eller rishalm i risf\u00e4lt?<\/span><\/h3>\n<p class=\"faq-a\">A6. Den hanterar fuktigt gr\u00e4s bra, men vi rekommenderar den inte f\u00f6r djupa, v\u00e5ta risf\u00e4lt eller v\u00e5tmarker eftersom vikten (920 kg) kan orsaka att den sjunker ner. Den fungerar b\u00e4st p\u00e5 fast betesmark.<\/p>\n<\/div>\n<div class=\"faq-item\">\n<h3><span class=\"faq-q\">F7. Vilket \u00e4r det b\u00e4sta redskapet f\u00f6r en traktorgr\u00e4sklippare f\u00f6r effektiv sk\u00f6rd av alfalfa?<\/span><\/h3>\n<p class=\"faq-a\">A7. F\u00f6r alfalfa \u00e4r 9GL-2.9 ett av de b\u00e4sta valen eftersom det fram- och \u00e5terg\u00e5ende snittet \u00e4r skonsamt mot bladen (och bibeh\u00e5ller protein), och den omedelbara kratningen minskar bladsplittring j\u00e4mf\u00f6rt med flera \u00f6verfarter med olika maskiner.<\/p>\n<\/div>\n<div class=\"faq-item\">\n<h3><span class=\"faq-q\">F8. Varf\u00f6r slutade folk anv\u00e4nda skjutbara gr\u00e4sklippare f\u00f6r stora arealer och bytte till bogserade enheter?<\/span><\/h3>\n<p class=\"faq-a\">A8. Effektivitet och skala. Skjutbara sl\u00e5ttermaskiner eller sm\u00e5 sj\u00e4lvg\u00e5ende enheter kan inte hantera volymen av jordbruksfoder. Att byta till en bogserad enhet som 9GL \u00f6kar produktiviteten med \u00f6ver 500% och minskar fysiskt arbete.<\/p>\n<\/div>\n<div class=\"faq-item\">\n<h3><span class=\"faq-q\">F9. Tillhandah\u00e5ller ni hydraulslangar och kopplingar som \u00e4r kompatibla med koreanska traktorer?<\/span><\/h3>\n<p class=\"faq-a\">A9. Ja, vi levererar standard hydraulslangar med snabbkopplingar. Om din traktor har en specifik g\u00e4ngtyp, v\u00e4nligen informera oss vid best\u00e4llning, s\u00e5 anpassar vi kopplingarna s\u00e5 att de passar din maskin.<\/p>\n<\/div>\n<p style=\"text-align: right;\">Redakt\u00f6r: PXY<\/p>","protected":false},"excerpt":{"rendered":"<p>Den bogserade sl\u00e5ttermaskinen EP-9GL-2.5\/2.9 \u00e4r en innovativ och effektiv l\u00f6sning f\u00f6r modern betesmarkshantering, speciellt utformad f\u00f6r traktorer i mellanklassen (25-55 KW \/ 35-75 hk). Genom att kombinera klippning och r\u00e4fsning i en s\u00f6ml\u00f6s operation minimerar denna sl\u00e5ttermaskin jordpackning och br\u00e4nslef\u00f6rbrukning, vilket g\u00f6r den idealisk f\u00f6r storskalig fodersk\u00f6rd. Med sin fram- och \u00e5terg\u00e5ende klippmekanism och specialiserade r\u00e4fsningssystem s\u00e4kerst\u00e4ller den ett rent snitt och skapar luftade str\u00e4ngar, avg\u00f6rande f\u00f6r snabb h\u00f6torkning. Dess hydrauliska lyftsystem m\u00f6jligg\u00f6r enkel \u00f6verg\u00e5ng mellan arbets- och transportl\u00e4ge, perfekt f\u00f6r att navigera p\u00e5 smala landsbygdsv\u00e4gar. EP-9GL-2.5\/2.9 \u00e4r byggd med robusta material och ger optimal stubbh\u00f6jd och maximal \u00e5terv\u00e4xt av gr\u00f6dan, idealisk f\u00f6r sk\u00f6rd av alfalfa, rajgr\u00e4s och andra betesmarker.<\/p>","protected":false},"featured_media":318,"template":"","meta":{"_et_pb_use_builder":"","_et_pb_old_content":"","_et_gb_content_width":""},"product_brand":[],"product_cat":[28],"product_tag":[30],"class_list":{"0":"post-316","1":"product","2":"type-product","3":"status-publish","4":"has-post-thumbnail","6":"product_cat-tractor-mowered-lawn-mower","7":"product_tag-ep-9gl-2-5-2-9-tractor-mowered-lawn-mower","9":"first","10":"instock","11":"shipping-taxable","12":"product-type-simple"},"_links":{"self":[{"href":"https:\/\/straw-balers.com\/sv\/wp-json\/wp\/v2\/product\/316","targetHints":{"allow":["GET"]}}],"collection":[{"href":"https:\/\/straw-balers.com\/sv\/wp-json\/wp\/v2\/product"}],"about":[{"href":"https:\/\/straw-balers.com\/sv\/wp-json\/wp\/v2\/types\/product"}],"wp:featuredmedia":[{"embeddable":true,"href":"https:\/\/straw-balers.com\/sv\/wp-json\/wp\/v2\/media\/318"}],"wp:attachment":[{"href":"https:\/\/straw-balers.com\/sv\/wp-json\/wp\/v2\/media?parent=316"}],"wp:term":[{"taxonomy":"product_brand","embeddable":true,"href":"https:\/\/straw-balers.com\/sv\/wp-json\/wp\/v2\/product_brand?post=316"},{"taxonomy":"product_cat","embeddable":true,"href":"https:\/\/straw-balers.com\/sv\/wp-json\/wp\/v2\/product_cat?post=316"},{"taxonomy":"product_tag","embeddable":true,"href":"https:\/\/straw-balers.com\/sv\/wp-json\/wp\/v2\/product_tag?post=316"}],"curies":[{"name":"wp","href":"https:\/\/api.w.org\/{rel}","templated":true}]}}